{"id":343,"date":"2018-05-16T11:27:16","date_gmt":"2018-05-16T08:27:16","guid":{"rendered":"http:\/\/huzurmakina.com\/web\/?page_id=343"},"modified":"2018-07-01T15:40:51","modified_gmt":"2018-07-01T12:40:51","slug":"sl-2005-elektronik-fantazi-senil-iplik-makinasi","status":"publish","type":"page","link":"https:\/\/huzurmakina.com\/web\/sl-2005-elektronik-fantazi-senil-iplik-makinasi\/","title":{"rendered":"SL-2005 Elektronik Fantazi \u015eenil \u0130plik Makinas\u0131"},"content":{"rendered":"<p><strong>Fantazi iplik makinelerinde engin tecr\u00fcbeye sahip olan Huzur Makine, teknolojik geli\u015fmelere paralel olarak Full Elektronik Fantezi \u015eenil \u0130plik Makinesini \u00fcretmi\u015ftir. Bu makine ile akrilik, pamuk, viskon, polyester, polipropilen gibi ipliklerden \u015fenil iplik \u00fcretimi rahatl\u0131kla yap\u0131labilmektedir. SL-2005\u2019in en \u00f6nemli \u00f6zelliklerinden birisi standart \u015fenil ipli\u011finin yan\u0131 s\u0131ra istenilen programa uygun olarak slub \u015fenil, flaml\u0131 \u015fenil yani ayn\u0131 hat \u00fczerinde farkl\u0131 efektlere sahip \u015fenil iplik \u00fcretimini m\u00fcmk\u00fcn k\u0131lmas\u0131d\u0131r.<\/strong><\/p>\n<p><strong><a href=\"http:\/\/huzurmakina.com\/web\/wp-content\/uploads\/SL-2005-1.jpg\" target=\"_blank\" rel=\"noopener\"><img loading=\"lazy\" decoding=\"async\" class=\"alignnone wp-image-344 size-large\" src=\"http:\/\/huzurmakina.com\/web\/wp-content\/uploads\/SL-2005-1-1024x525.jpg\" alt=\"\" width=\"1024\" height=\"525\" srcset=\"https:\/\/huzurmakina.com\/web\/wp-content\/uploads\/SL-2005-1-1024x525.jpg 1024w, https:\/\/huzurmakina.com\/web\/wp-content\/uploads\/SL-2005-1-300x154.jpg 300w, https:\/\/huzurmakina.com\/web\/wp-content\/uploads\/SL-2005-1-768x394.jpg 768w, https:\/\/huzurmakina.com\/web\/wp-content\/uploads\/SL-2005-1-830x426.jpg 830w, https:\/\/huzurmakina.com\/web\/wp-content\/uploads\/SL-2005-1-230x118.jpg 230w, https:\/\/huzurmakina.com\/web\/wp-content\/uploads\/SL-2005-1-350x179.jpg 350w, https:\/\/huzurmakina.com\/web\/wp-content\/uploads\/SL-2005-1-480x246.jpg 480w\" sizes=\"auto, (max-width: 1024px) 100vw, 1024px\" \/><\/a><\/strong><\/p>\n<hr \/>\n<h4>Elektronik \u015eenil \u0130plik Makinas\u0131n\u0131n Elektromekanik \u015eenil \u0130plik Makinas\u0131na G\u00f6re \u00dcst\u00fcn \u00d6zellikleri<\/h4>\n<p><strong>Flaml\u0131 \u015eenil \u0130plik \u00dcretimi:\u00a0<\/strong>Makinede Dokunmatik ekrana yaz\u0131lan programlar ile istenilen de\u011ferler ad\u0131m ad\u0131m girilerek Slub \u015eenil, Flaml\u0131 \u015eenil yani ayn\u0131 hat \u00fczerinde farkl\u0131 efektlere sahip \u015fenil iplik \u00fcretimi m\u00fcmk\u00fcnd\u00fcr.<\/p>\n<p><strong>Enerji Tasarrufu:\u00a0<\/strong>Makinenin teknik ve elektronik \u00f6zellikleri sayesinde enerji sarfiyat\u0131 mekanik makinelere g\u00f6re %48 oran\u0131nda daha azd\u0131r ve bu da iplik \u00fcretim maliyetlerini makul seviyeye d\u00fc\u015f\u00fcr\u00fcr.<\/p>\n<p><strong>Daha Y\u00fcksek Kalite:<\/strong> Makinede t\u00fcm parametreler tek merkezi kontrol panelinden kontrol edilir. Ana panonun i\u00e7inde yer alan i\u011f motoru, efekt kafa motoru ve iplik besleme motorlar\u0131 birbirlerinden ba\u011f\u0131ms\u0131z olarak sonsuz kay\u0131\u015f ile t\u00fcm makinede hareketi sa\u011flar. Bu sistem sayesinde t\u00fcm i\u011flerde bobinin her kademesinde sabit b\u00fck\u00fcm ve sabit numara ile ayn\u0131 kalite standard\u0131nda iplik \u00fcretimi sa\u011flanmaktad\u0131r.<\/p>\n<p><strong>Zaman Tasarrufu:<\/strong> Makinede \u00fcretilen ipliklerin programlar\u0131 saklanabildi\u011finden, daha sonra ayn\u0131 iplik \u00fcretilmek istendi\u011finde makine kolayca ayarlanabilir. Mekanik makinelerde ayarlar kay\u0131\u015f kasnak ile yap\u0131ld\u0131\u011f\u0131ndan iplik numaras\u0131 de\u011fi\u015fimi s\u0131ras\u0131nda mekanik makinelerde 3-4 saatte yap\u0131lan ayarlar, Elektronik makinede 1 dakika gibi k\u0131sa s\u00fcrede yap\u0131labilmektedir. Bu durum da ekonomik zaman kullan\u0131m\u0131n\u0131 sa\u011flamaktad\u0131r.<\/p>\n<p><strong>Daha Y\u00fcksek \u00dcretim:<\/strong> Makinenin \u00f6zel yaz\u0131l\u0131m sistemi sayesinde bobinin dolumu s\u0131ras\u0131nda, sar\u0131m\u0131n ba\u015f\u0131ndan sonuna kadar tansiyon d\u00fczensizli\u011finden olu\u015fan iplik kopma ve hatalar\u0131 azaltmak m\u00fcmk\u00fcn olup iplik tansiyonunu ayn\u0131 ayarda tutabilmek i\u00e7in plangan\u0131n pozisyonuna g\u00f6re makinenin h\u0131z\u0131 ayarlanabilir. bu \u00f6zellik sayesinde kopuk iplik say\u0131s\u0131 minimum seviyeye indirilir. Firede azalma, \u00fcretimde artma sa\u011flan\u0131r.<\/p>\n<p><strong>Daha D\u00fc\u015f\u00fck Bak\u0131m Maliyeti:<\/strong> Mekanik makinelerde her kafada 1 motor ve bu motordan hareket alan milli kasnaklar, yataklar, kay\u0131\u015flar gibi \u00e7ok say\u0131da d\u00f6ner eleman bulunmaktad\u0131r. SL-2005 Elektronik Makinede, a\u015f\u0131nmaya ve kopmaya maruz bu hareketli aktarma bile\u015fenlerinin %30\u2019undan fazlas\u0131 kald\u0131r\u0131lm\u0131\u015ft\u0131r. \u00d6zellikle mil ve hareketi ileten, iplik numaras\u0131n\u0131 ve b\u00fck\u00fcm\u00fcn\u00fc belirleyen kasnaklar\u0131n olmay\u0131\u015f\u0131 \u00fcretim par\u00e7alar\u0131n\u0131n a\u015f\u0131nma ve yanl\u0131\u015f s\u0131ralanma problemlerini ortadan kald\u0131r\u0131r. Bak\u0131m maliyetleri minimuma d\u00fc\u015ferken, bak\u0131m aman\u0131 azald\u0131\u011f\u0131ndan \u00fcretim artar.<\/p>\n<hr \/>\n<h4>Kontrol Paneli<\/h4>\n<p>Bu makinede \u015eenil iplik \u00fcretimi merkezi kontrol paneliyle yap\u0131lmaktad\u0131r. Dokunmatik ekrana yaz\u0131lan programlar ile istenilen de\u011ferlere uygun olarak standart \u015fenil iplik \u00fcretiminin yan\u0131 s\u0131ra 1 metrede 8 ayr\u0131 efekt verilerek Flaml\u0131 \u015eenil \u0130plik \u00fcretimi de m\u00fcmk\u00fcnd\u00fcr. Ayr\u0131ca gelecek kullan\u0131mlar i\u00e7in de haf\u0131zada programlar saklanabilir.<\/p>\n<p><a href=\"http:\/\/huzurmakina.com\/web\/wp-content\/uploads\/sl_2005_kontrol_panel.jpg\" target=\"_blank\" rel=\"noopener\"><img loading=\"lazy\" decoding=\"async\" class=\"alignnone wp-image-354 size-medium\" src=\"http:\/\/huzurmakina.com\/web\/wp-content\/uploads\/sl_2005_kontrol_panel-262x300.jpg\" alt=\"\" width=\"262\" height=\"300\" srcset=\"https:\/\/huzurmakina.com\/web\/wp-content\/uploads\/sl_2005_kontrol_panel-262x300.jpg 262w, https:\/\/huzurmakina.com\/web\/wp-content\/uploads\/sl_2005_kontrol_panel-230x264.jpg 230w, https:\/\/huzurmakina.com\/web\/wp-content\/uploads\/sl_2005_kontrol_panel-350x401.jpg 350w, https:\/\/huzurmakina.com\/web\/wp-content\/uploads\/sl_2005_kontrol_panel.jpg 444w\" sizes=\"auto, (max-width: 262px) 100vw, 262px\" \/><\/a><\/p>\n<hr \/>\n<h4>\u0130plik Gezdirme \u00dcnitesi \/ \u0130plik Kopma Sivi\u00e7leri<\/h4>\n<p>\u0130plik Gezdirici Sistem, man\u015fonlar\u0131n a\u015f\u0131nmas\u0131 \u00f6nlemek i\u00e7in dizayn edilmi\u015ftir. Zemin ipliklerini \u00e7apraz gezdirerek man\u015fonlar\u0131n a\u015f\u0131nmas\u0131n\u0131 engeller. B\u00f6ylece zemin ipliklerinin s\u00fcrekli ayn\u0131 gerginlikte gitmesini sa\u011flar.<\/p>\n<p>\u0130plik Kopma Svi\u00e7leri sayesinde iplik kopmalar\u0131 kontrol alt\u0131na al\u0131narak hatal\u0131 \u00fcretim \u00f6nlenir. \u0130plik koptu\u011fu an, kafan\u0131n \u00e7al\u0131\u015fmas\u0131 otomatik olarak durur.<\/p>\n<p><a href=\"http:\/\/huzurmakina.com\/web\/wp-content\/uploads\/sl_2005_iplik_gezd_unitesii.jpg\" target=\"_blank\" rel=\"noopener\"><img loading=\"lazy\" decoding=\"async\" class=\"alignnone wp-image-358 size-medium\" src=\"http:\/\/huzurmakina.com\/web\/wp-content\/uploads\/sl_2005_iplik_gezd_unitesii-300x123.jpg\" alt=\"\" width=\"300\" height=\"123\" srcset=\"https:\/\/huzurmakina.com\/web\/wp-content\/uploads\/sl_2005_iplik_gezd_unitesii-300x123.jpg 300w, https:\/\/huzurmakina.com\/web\/wp-content\/uploads\/sl_2005_iplik_gezd_unitesii-230x94.jpg 230w, https:\/\/huzurmakina.com\/web\/wp-content\/uploads\/sl_2005_iplik_gezd_unitesii-350x143.jpg 350w, https:\/\/huzurmakina.com\/web\/wp-content\/uploads\/sl_2005_iplik_gezd_unitesii-480x196.jpg 480w, https:\/\/huzurmakina.com\/web\/wp-content\/uploads\/sl_2005_iplik_gezd_unitesii.jpg 687w\" sizes=\"auto, (max-width: 300px) 100vw, 300px\" \/><\/a><\/p>\n<hr \/>\n<h4>Tahrik Sistemi<\/h4>\n<p>\u0130\u011f h\u0131z\u0131, Kafa h\u0131z\u0131, B\u00fck\u00fcm h\u0131z\u0131 ve \u00dcretim h\u0131z\u0131 birbirinden ba\u011f\u0131ms\u0131z olarak sonsuz kay\u0131\u015f ile ana panodaki motorlar taraf\u0131ndan kontrol edilirler. Bu sistem sayesinde daha d\u00fc\u015f\u00fck enerji sarfiyat\u0131 sa\u011flan\u0131r ve enerji maliyetleri azal\u0131r.<\/p>\n<p><a href=\"http:\/\/huzurmakina.com\/web\/wp-content\/uploads\/sl_2005_tahrik-sistemi.jpg\" target=\"_blank\" rel=\"noopener\"><img loading=\"lazy\" decoding=\"async\" class=\"alignnone wp-image-360 size-medium\" src=\"http:\/\/huzurmakina.com\/web\/wp-content\/uploads\/sl_2005_tahrik-sistemi-300x248.jpg\" alt=\"\" width=\"300\" height=\"248\" srcset=\"https:\/\/huzurmakina.com\/web\/wp-content\/uploads\/sl_2005_tahrik-sistemi-300x248.jpg 300w, https:\/\/huzurmakina.com\/web\/wp-content\/uploads\/sl_2005_tahrik-sistemi-230x190.jpg 230w, https:\/\/huzurmakina.com\/web\/wp-content\/uploads\/sl_2005_tahrik-sistemi-350x290.jpg 350w, https:\/\/huzurmakina.com\/web\/wp-content\/uploads\/sl_2005_tahrik-sistemi-480x398.jpg 480w, https:\/\/huzurmakina.com\/web\/wp-content\/uploads\/sl_2005_tahrik-sistemi.jpg 524w\" sizes=\"auto, (max-width: 300px) 100vw, 300px\" \/><\/a><\/p>\n<hr \/>\n<h4>Koruyucu Kapaklar<\/h4>\n<p>Makinenin arkas\u0131 ve etraf\u0131 i\u015f g\u00fcvenli\u011fi ve makinan\u0131n verimli \u00e7al\u0131\u015fmas\u0131 amac\u0131yla tamamen koruyucu kapaklar ile kapat\u0131lm\u0131\u015ft\u0131r.<\/p>\n<p><a href=\"http:\/\/huzurmakina.com\/web\/wp-content\/uploads\/sl-2005_koryc_kapak.jpg\" target=\"_blank\" rel=\"noopener\"><img loading=\"lazy\" decoding=\"async\" class=\"alignnone wp-image-362 size-medium\" src=\"http:\/\/huzurmakina.com\/web\/wp-content\/uploads\/sl-2005_koryc_kapak-300x249.jpg\" alt=\"\" width=\"300\" height=\"249\" srcset=\"https:\/\/huzurmakina.com\/web\/wp-content\/uploads\/sl-2005_koryc_kapak-300x249.jpg 300w, https:\/\/huzurmakina.com\/web\/wp-content\/uploads\/sl-2005_koryc_kapak-230x191.jpg 230w, https:\/\/huzurmakina.com\/web\/wp-content\/uploads\/sl-2005_koryc_kapak-350x291.jpg 350w, https:\/\/huzurmakina.com\/web\/wp-content\/uploads\/sl-2005_koryc_kapak.jpg 401w\" sizes=\"auto, (max-width: 300px) 100vw, 300px\" \/><\/a><\/p>\n<hr \/>\n<h4>Planga ve Bilezikler<\/h4>\n<p>Plangan\u0131n h\u0131z ayarlar\u0131 kontrol panelinden ayarlanabilmektedir. Bilezikler 115 mm \u00e7ap\u0131ndad\u0131r. (\u00d6zel istek \u00fczerine 127 mm olabilir) Ya\u011flama sistemi tek kanall\u0131 olup, ya\u011flar\u0131n bileziklere e\u015fit da\u011f\u0131l\u0131m\u0131n\u0131 sa\u011flar. D\u00fczg\u00fcn sar\u0131m i\u00e7in, Planga hareketine uyumlu iplik k\u0131lavuzlar\u0131 mevcuttur. Masura boyu 450 mm\u2019dir.<\/p>\n<p><a href=\"http:\/\/huzurmakina.com\/web\/wp-content\/uploads\/sl_2005_planga_bilezikler.jpg\" target=\"_blank\" rel=\"noopener\"><img loading=\"lazy\" decoding=\"async\" class=\"alignnone wp-image-364 size-medium\" src=\"http:\/\/huzurmakina.com\/web\/wp-content\/uploads\/sl_2005_planga_bilezikler-300x206.jpg\" alt=\"\" width=\"300\" height=\"206\" srcset=\"https:\/\/huzurmakina.com\/web\/wp-content\/uploads\/sl_2005_planga_bilezikler-300x206.jpg 300w, https:\/\/huzurmakina.com\/web\/wp-content\/uploads\/sl_2005_planga_bilezikler-230x158.jpg 230w, https:\/\/huzurmakina.com\/web\/wp-content\/uploads\/sl_2005_planga_bilezikler-350x241.jpg 350w, https:\/\/huzurmakina.com\/web\/wp-content\/uploads\/sl_2005_planga_bilezikler-480x330.jpg 480w, https:\/\/huzurmakina.com\/web\/wp-content\/uploads\/sl_2005_planga_bilezikler.jpg 611w\" sizes=\"auto, (max-width: 300px) 100vw, 300px\" \/><\/a><\/p>\n<hr \/>\n<h4>Y\u00fcksek H\u0131zl\u0131 Kafa ve B\u0131\u00e7ak Sistemi<\/h4>\n<p>0.20 \u2013 1 mm. B\u0131\u00e7ak \u0130\u00e7in Sa\u011fa ve Sola Kayd\u0131r\u0131labilir B\u0131\u00e7ak Grubu<\/p>\n<p><a href=\"http:\/\/huzurmakina.com\/web\/wp-content\/uploads\/sl_2005_kafa_ve_bicak.jpg\" target=\"_blank\" rel=\"noopener\"><img loading=\"lazy\" decoding=\"async\" class=\"alignnone wp-image-366 size-medium\" src=\"http:\/\/huzurmakina.com\/web\/wp-content\/uploads\/sl_2005_kafa_ve_bicak-300x200.jpg\" alt=\"\" width=\"300\" height=\"200\" srcset=\"https:\/\/huzurmakina.com\/web\/wp-content\/uploads\/sl_2005_kafa_ve_bicak-300x200.jpg 300w, https:\/\/huzurmakina.com\/web\/wp-content\/uploads\/sl_2005_kafa_ve_bicak-230x153.jpg 230w, https:\/\/huzurmakina.com\/web\/wp-content\/uploads\/sl_2005_kafa_ve_bicak-350x233.jpg 350w, https:\/\/huzurmakina.com\/web\/wp-content\/uploads\/sl_2005_kafa_ve_bicak-272x182.jpg 272w, https:\/\/huzurmakina.com\/web\/wp-content\/uploads\/sl_2005_kafa_ve_bicak.jpg 439w\" sizes=\"auto, (max-width: 300px) 100vw, 300px\" \/><\/a><\/p>\n<p><a href=\"http:\/\/huzurmakina.com\/web\/wp-content\/uploads\/sl_2005_yuksek_hizli_kafa.jpg\" target=\"_blank\" rel=\"noopener\"><img loading=\"lazy\" decoding=\"async\" class=\"alignnone wp-image-365 size-medium\" src=\"http:\/\/huzurmakina.com\/web\/wp-content\/uploads\/sl_2005_yuksek_hizli_kafa-215x300.jpg\" alt=\"\" width=\"215\" height=\"300\" srcset=\"https:\/\/huzurmakina.com\/web\/wp-content\/uploads\/sl_2005_yuksek_hizli_kafa-215x300.jpg 215w, https:\/\/huzurmakina.com\/web\/wp-content\/uploads\/sl_2005_yuksek_hizli_kafa-230x322.jpg 230w, https:\/\/huzurmakina.com\/web\/wp-content\/uploads\/sl_2005_yuksek_hizli_kafa-350x489.jpg 350w, https:\/\/huzurmakina.com\/web\/wp-content\/uploads\/sl_2005_yuksek_hizli_kafa.jpg 467w\" sizes=\"auto, (max-width: 215px) 100vw, 215px\" \/><\/a><\/p>\n<hr \/>\n<h4>Makinede \u00dcretilen \u0130plikler<\/h4>\n<p>Makinede \u00dcretilen Standart ve Flaml\u0131 \u015eenil \u0130plik \u00c7e\u015fitlerinin Bir B\u00f6l\u00fcm\u00fc<\/p>\n<hr \/>\n<h4>\u00c7a\u011fl\u0131k Sistemi ve Teknik \u00d6zellikler<\/h4>\n<p>\u00c7a\u011fl\u0131k Sistemi makinenin \u00f6n\u00fcne kurulmu\u015ftur. Her i\u011fde zemin iplikleri i\u00e7in 2 bobin, efekt iplikleri i\u00e7in 2 bobin olacak \u015fekilde dizayn edilmi\u015ftir.<\/p>\n<p><a href=\"http:\/\/huzurmakina.com\/web\/wp-content\/uploads\/sl_2005_caglik_sistemi.jpg\" target=\"_blank\" rel=\"noopener\"><img loading=\"lazy\" decoding=\"async\" class=\"alignnone wp-image-368 size-medium\" src=\"http:\/\/huzurmakina.com\/web\/wp-content\/uploads\/sl_2005_caglik_sistemi-300x112.jpg\" alt=\"\" width=\"300\" height=\"112\" srcset=\"https:\/\/huzurmakina.com\/web\/wp-content\/uploads\/sl_2005_caglik_sistemi-300x112.jpg 300w, https:\/\/huzurmakina.com\/web\/wp-content\/uploads\/sl_2005_caglik_sistemi-768x287.jpg 768w, https:\/\/huzurmakina.com\/web\/wp-content\/uploads\/sl_2005_caglik_sistemi-230x86.jpg 230w, https:\/\/huzurmakina.com\/web\/wp-content\/uploads\/sl_2005_caglik_sistemi-350x131.jpg 350w, https:\/\/huzurmakina.com\/web\/wp-content\/uploads\/sl_2005_caglik_sistemi-480x180.jpg 480w, https:\/\/huzurmakina.com\/web\/wp-content\/uploads\/sl_2005_caglik_sistemi.jpg 770w\" sizes=\"auto, (max-width: 300px) 100vw, 300px\" \/><\/a><\/p>\n<p><a href=\"http:\/\/huzurmakina.com\/web\/wp-content\/uploads\/sl_2005_caglik_sistemi_2.jpg\" target=\"_blank\" rel=\"noopener\"><img loading=\"lazy\" decoding=\"async\" class=\"alignnone wp-image-369 size-medium\" src=\"http:\/\/huzurmakina.com\/web\/wp-content\/uploads\/sl_2005_caglik_sistemi_2-300x158.jpg\" alt=\"\" width=\"300\" height=\"158\" srcset=\"https:\/\/huzurmakina.com\/web\/wp-content\/uploads\/sl_2005_caglik_sistemi_2-300x158.jpg 300w, https:\/\/huzurmakina.com\/web\/wp-content\/uploads\/sl_2005_caglik_sistemi_2-768x405.jpg 768w, https:\/\/huzurmakina.com\/web\/wp-content\/uploads\/sl_2005_caglik_sistemi_2-1024x540.jpg 1024w, https:\/\/huzurmakina.com\/web\/wp-content\/uploads\/sl_2005_caglik_sistemi_2-830x438.jpg 830w, https:\/\/huzurmakina.com\/web\/wp-content\/uploads\/sl_2005_caglik_sistemi_2-230x121.jpg 230w, https:\/\/huzurmakina.com\/web\/wp-content\/uploads\/sl_2005_caglik_sistemi_2-350x185.jpg 350w, https:\/\/huzurmakina.com\/web\/wp-content\/uploads\/sl_2005_caglik_sistemi_2-480x253.jpg 480w, https:\/\/huzurmakina.com\/web\/wp-content\/uploads\/sl_2005_caglik_sistemi_2.jpg 1194w\" sizes=\"auto, (max-width: 300px) 100vw, 300px\" \/><\/a><\/p>\n<h4>Teknik \u00d6zellikler<\/h4>\n<p><strong>MODEL :<\/strong> SL-2005 ELEKTRON\u0130K FANTAZ\u0130 \u015eEN\u0130L \u0130PL\u0130K MAK\u0130NASI<br \/>\n<strong>\u0130\u011eLER ARASI A\u00c7IKLIK :<\/strong> 180 mm<br \/>\n<strong>1 MOD\u00dcLDEK\u0130 \u0130\u011e SAYISI :<\/strong> 8<br \/>\n<strong>MAKS\u0130MUM \u0130\u011e SAYISI :<\/strong> 120<br \/>\n<strong>B\u0130LEZ\u0130K \u00c7API :<\/strong> 115-127 mm<br \/>\n<strong>BOB\u0130N Y\u00dcKSEKL\u0130\u011e\u0130 :<\/strong> 450 mm<br \/>\n<strong>TOPLAM G\u00dc\u00c7 :<\/strong> 37,5 Kw.<br \/>\n<strong>ORTALAMA G\u00dc\u00c7 T\u00dcKET\u0130M\u0130 :<\/strong> 20-25 Kw.<br \/>\n<strong>MAKS\u0130MUM \u0130\u011e HIZI :<\/strong> 9.000 rpm<br \/>\n<strong>MAKS\u0130MUM KAFA HIZI :<\/strong> 20.000 rpm<br \/>\n<strong>MAKS\u0130MUM \u0130PL\u0130K \u00dcRET\u0130M HIZI :<\/strong> 15 mt \/ dak.<br \/>\n<strong>\u0130PL\u0130K \u00c7ALI\u015eMA ARALI\u011eI :<\/strong> 1 Nm \u2013 8 Nm<br \/>\n<strong>\u00c7ALI\u015eMA HAVA BASINCI :<\/strong> 6\/8 Bar<\/p>\n<hr \/>\n<h4>\u0130ste\u011fe Ba\u011fl\u0131 Aksesuarlar<\/h4>\n<p><strong>Jilet-D\u00fcz B\u0131\u00e7ak Mekanizmas\u0131<\/strong><\/p>\n<p><a href=\"http:\/\/huzurmakina.com\/web\/wp-content\/uploads\/sl-2005-jiletDuzBicak.jpg\" target=\"_blank\" rel=\"noopener\"><img loading=\"lazy\" decoding=\"async\" class=\"alignnone wp-image-372 size-medium\" src=\"http:\/\/huzurmakina.com\/web\/wp-content\/uploads\/sl-2005-jiletDuzBicak-266x300.jpg\" alt=\"\" width=\"266\" height=\"300\" srcset=\"https:\/\/huzurmakina.com\/web\/wp-content\/uploads\/sl-2005-jiletDuzBicak-266x300.jpg 266w, https:\/\/huzurmakina.com\/web\/wp-content\/uploads\/sl-2005-jiletDuzBicak-230x259.jpg 230w, https:\/\/huzurmakina.com\/web\/wp-content\/uploads\/sl-2005-jiletDuzBicak.jpg 330w\" sizes=\"auto, (max-width: 266px) 100vw, 266px\" \/><\/a><\/p>\n<p>Makinemiz d\u00f6ner b\u0131\u00e7ak sistemi ile \u00e7al\u0131\u015fmaktad\u0131r. Fakat e\u011fer istenirse bu aparatta al\u0131narak makinede ister D\u00f6ner b\u0131\u00e7ak ister Jiletli d\u00fcz b\u0131\u00e7ak sistemi ile \u00e7al\u0131\u015f\u0131labilir. Aparatlar makineye istenildi\u011finde kolayl\u0131kla d\u00f6ner b\u0131\u00e7ak g\u00f6vdesi \u00e7\u0131kar\u0131larak monte edilebilirler.<\/p>\n<p><strong>B\u0131\u00e7ak Bileme Aparat\u0131<\/strong><\/p>\n<p><a href=\"http:\/\/huzurmakina.com\/web\/wp-content\/uploads\/sl-2005-BicakBileme.jpg\" target=\"_blank\" rel=\"noopener\"><img loading=\"lazy\" decoding=\"async\" class=\"alignnone wp-image-374 size-medium\" src=\"http:\/\/huzurmakina.com\/web\/wp-content\/uploads\/sl-2005-BicakBileme-300x207.jpg\" alt=\"\" width=\"300\" height=\"207\" srcset=\"https:\/\/huzurmakina.com\/web\/wp-content\/uploads\/sl-2005-BicakBileme-300x207.jpg 300w, https:\/\/huzurmakina.com\/web\/wp-content\/uploads\/sl-2005-BicakBileme-230x159.jpg 230w, https:\/\/huzurmakina.com\/web\/wp-content\/uploads\/sl-2005-BicakBileme-350x241.jpg 350w, https:\/\/huzurmakina.com\/web\/wp-content\/uploads\/sl-2005-BicakBileme-480x331.jpg 480w, https:\/\/huzurmakina.com\/web\/wp-content\/uploads\/sl-2005-BicakBileme.jpg 548w\" sizes=\"auto, (max-width: 300px) 100vw, 300px\" \/><\/a><\/p>\n<p>Bu \u00f6zel aletle makine \u00e7al\u0131\u015f\u0131rken b\u0131\u00e7aklar rahatl\u0131kla bileylenebilir. Kolayca monte edilebilir ve \u00e7al\u0131\u015ft\u0131r\u0131labilir. Aparat 5 atm d\u00fczeyindeki bas\u0131n\u00e7l\u0131 hava ile manuel olarak \u00e7al\u0131\u015fmaktad\u0131r.<\/p>\n<p><strong>\u00d6nden Gezer Temizleyici<\/strong><\/p>\n<p><a href=\"http:\/\/huzurmakina.com\/web\/wp-content\/uploads\/sl-2005-ondenGezer.jpg\" target=\"_blank\" rel=\"noopener\"><img loading=\"lazy\" decoding=\"async\" class=\"alignnone wp-image-375 size-medium\" src=\"http:\/\/huzurmakina.com\/web\/wp-content\/uploads\/sl-2005-ondenGezer-300x207.jpg\" alt=\"\" width=\"300\" height=\"207\" srcset=\"https:\/\/huzurmakina.com\/web\/wp-content\/uploads\/sl-2005-ondenGezer-300x207.jpg 300w, https:\/\/huzurmakina.com\/web\/wp-content\/uploads\/sl-2005-ondenGezer-230x158.jpg 230w, https:\/\/huzurmakina.com\/web\/wp-content\/uploads\/sl-2005-ondenGezer-350x241.jpg 350w, https:\/\/huzurmakina.com\/web\/wp-content\/uploads\/sl-2005-ondenGezer-480x330.jpg 480w, https:\/\/huzurmakina.com\/web\/wp-content\/uploads\/sl-2005-ondenGezer.jpg 549w\" sizes=\"auto, (max-width: 300px) 100vw, 300px\" \/><\/a><\/p>\n<p>Gezer temizleyici makineye paralel olarak raylar \u00fczerinde \u00e7al\u0131\u015f\u0131r. Dakikadaki h\u0131z\u0131 14 metredir. \u00dczerindeki hava \u00fcfleme nozullar\u0131, istenildi\u011fi \u015fekilde ayarlanarak u\u00e7an elyaf tozlardan ve art\u0131klardan ilgili b\u00f6l\u00fcm\u00fc temizler. \u0130plik kopmalar\u0131n\u0131 azaltarak kusursuz temizlik sa\u011flar ve makinenin verimlili\u011fini artt\u0131r\u0131r. \u00c7al\u0131\u015fma \u015fartlar\u0131n\u0131 iyile\u015ftirir. \u0130plik \u00fczerinde toz birikmesini engelledi\u011finden makinenin \u00e7al\u0131\u015ft\u0131\u011f\u0131 ortam ve makine temiz kal\u0131r. Enerji t\u00fcketimi az olup en iyi performans\u0131 sa\u011flar. Operat\u00f6r\u00fcn rahatl\u0131kla \u00e7al\u0131\u015fabilece\u011fi geni\u015fliktedir ve estetik g\u00f6r\u00fcn\u00fc\u015fl\u00fcd\u00fcr.<\/p>\n<p><strong>\u00dcstten Gezer Temizleyici<\/strong><\/p>\n<p><a href=\"http:\/\/huzurmakina.com\/web\/wp-content\/uploads\/sl-2005-usttenGezer.jpg\" target=\"_blank\" rel=\"noopener\"><img loading=\"lazy\" decoding=\"async\" class=\"alignnone wp-image-376 size-medium\" src=\"http:\/\/huzurmakina.com\/web\/wp-content\/uploads\/sl-2005-usttenGezer-300x285.jpg\" alt=\"\" width=\"300\" height=\"285\" srcset=\"https:\/\/huzurmakina.com\/web\/wp-content\/uploads\/sl-2005-usttenGezer-300x285.jpg 300w, https:\/\/huzurmakina.com\/web\/wp-content\/uploads\/sl-2005-usttenGezer-230x219.jpg 230w, https:\/\/huzurmakina.com\/web\/wp-content\/uploads\/sl-2005-usttenGezer-350x333.jpg 350w, https:\/\/huzurmakina.com\/web\/wp-content\/uploads\/sl-2005-usttenGezer-480x456.jpg 480w, https:\/\/huzurmakina.com\/web\/wp-content\/uploads\/sl-2005-usttenGezer.jpg 549w\" sizes=\"auto, (max-width: 300px) 100vw, 300px\" \/><\/a><\/p>\n<p>\u00dcstten Gezer Temizleyici, \u015eenil Makinesine paralel olarak makine ve \u00e7a\u011fl\u0131k k\u0131sm\u0131n\u0131n \u00fcst\u00fcnde, raylar \u00fczerinde \u00e7al\u0131\u015f\u0131r. Makinenin \u00f6n\u00fcndeki \u00fcnite, \u00e7a\u011fl\u0131k sistemindeki iplikleri ve iplik rehberlerini temizler. Makinenin arkas\u0131ndaki \u00fcnite, \u015eenil makinesinin arkas\u0131nda bulunan hareketli k\u0131s\u0131mlar\u0131 temizler. Makinenin \u00fcst \u00fcnitesi, \u00e7a\u011fl\u0131ktan \u015eenil makinesine gelen iplikleri temizler. Ek olarak makinenin \u00f6n ve arka \u00fcnitelerinin alt taraf\u0131nda buluna nozullar \u015eenil makinesinin etraf\u0131ndaki tozlar\u0131 \u00e7ekerek at\u0131k kurusunda otomatik olarak biriktirir. Operat\u00f6r belirli aral\u0131klarla bu at\u0131klar\u0131 temizler.<\/p>\n","protected":false},"excerpt":{"rendered":"<p>Fantazi iplik makinelerinde engin tecr\u00fcbeye sahip olan Huzur Makine, teknolojik geli\u015fmelere paralel olarak Full Elektronik Fantezi \u015eenil \u0130plik Makinesini \u00fcretmi\u015ftir. Bu makine ile akrilik, pamuk, viskon, polyester, polipropilen gibi ipliklerden \u015fenil iplik \u00fcretimi rahatl\u0131kla yap\u0131labilmektedir. SL-2005\u2019in en \u00f6nemli \u00f6zelliklerinden birisi standart \u015fenil ipli\u011finin yan\u0131 s\u0131ra istenilen programa uygun olarak slub \u015fenil, flaml\u0131 \u015fenil yani ayn\u0131 [&hellip;]<\/p>\n","protected":false},"author":1,"featured_media":344,"parent":0,"menu_order":0,"comment_status":"closed","ping_status":"closed","template":"","meta":{"footnotes":""},"class_list":["post-343","page","type-page","status-publish","has-post-thumbnail","hentry"],"_links":{"self":[{"href":"https:\/\/huzurmakina.com\/web\/wp-json\/wp\/v2\/pages\/343","targetHints":{"allow":["GET"]}}],"collection":[{"href":"https:\/\/huzurmakina.com\/web\/wp-json\/wp\/v2\/pages"}],"about":[{"href":"https:\/\/huzurmakina.com\/web\/wp-json\/wp\/v2\/types\/page"}],"author":[{"embeddable":true,"href":"https:\/\/huzurmakina.com\/web\/wp-json\/wp\/v2\/users\/1"}],"replies":[{"embeddable":true,"href":"https:\/\/huzurmakina.com\/web\/wp-json\/wp\/v2\/comments?post=343"}],"version-history":[{"count":18,"href":"https:\/\/huzurmakina.com\/web\/wp-json\/wp\/v2\/pages\/343\/revisions"}],"predecessor-version":[{"id":383,"href":"https:\/\/huzurmakina.com\/web\/wp-json\/wp\/v2\/pages\/343\/revisions\/383"}],"wp:featuredmedia":[{"embeddable":true,"href":"https:\/\/huzurmakina.com\/web\/wp-json\/wp\/v2\/media\/344"}],"wp:attachment":[{"href":"https:\/\/huzurmakina.com\/web\/wp-json\/wp\/v2\/media?parent=343"}],"curies":[{"name":"wp","href":"https:\/\/api.w.org\/{rel}","templated":true}]}}