{"id":404,"date":"2018-05-16T14:25:57","date_gmt":"2018-05-16T11:25:57","guid":{"rendered":"http:\/\/huzurmakina.com\/web\/?page_id=404"},"modified":"2018-07-01T15:33:15","modified_gmt":"2018-07-01T12:33:15","slug":"vizyon-misyon","status":"publish","type":"page","link":"https:\/\/huzurmakina.com\/web\/vizyon-misyon\/","title":{"rendered":"Vizyon &#038; Misyon"},"content":{"rendered":"<p>Vizyonumuz, Fantezi \u015eenil \u0130plik Makineleri alan\u0131nda Avrupa\u2019n\u0131n en iyi \u00fcretici firmas\u0131 olmakt\u0131r.<\/p>\n<p>Misyonumuz uluslar aras\u0131 tekstil makineleri alan\u0131nda T\u00fcrkiye\u2019yi Huzur markas\u0131 ile temsil etmek, T\u00fcrk ve D\u00fcnya tekstil sekt\u00f6r\u00fcne yeni f\u0131rsatlar sunmak \u00fczere yeni projeler geli\u015ftirmek, yurt i\u00e7i ve yurt d\u0131\u015f\u0131 t\u00fcm aktivitelere kat\u0131larak t\u00fcm iplik \u00fcreticilerine ula\u015fmakt\u0131r.<\/p>\n","protected":false},"excerpt":{"rendered":"<p>Vizyonumuz, Fantezi \u015eenil \u0130plik Makineleri alan\u0131nda Avrupa\u2019n\u0131n en iyi \u00fcretici firmas\u0131 olmakt\u0131r. Misyonumuz uluslar aras\u0131 tekstil makineleri alan\u0131nda T\u00fcrkiye\u2019yi Huzur markas\u0131 ile temsil etmek, T\u00fcrk ve D\u00fcnya tekstil sekt\u00f6r\u00fcne yeni f\u0131rsatlar sunmak \u00fczere yeni projeler geli\u015ftirmek, yurt i\u00e7i ve yurt d\u0131\u015f\u0131 t\u00fcm aktivitelere kat\u0131larak t\u00fcm iplik \u00fcreticilerine ula\u015fmakt\u0131r.<\/p>\n","protected":false},"author":1,"featured_media":0,"parent":0,"menu_order":0,"comment_status":"closed","ping_status":"closed","template":"page-templates\/page_fullwidth.php","meta":{"footnotes":""},"class_list":["post-404","page","type-page","status-publish","hentry"],"_links":{"self":[{"href":"https:\/\/huzurmakina.com\/web\/wp-json\/wp\/v2\/pages\/404","targetHints":{"allow":["GET"]}}],"collection":[{"href":"https:\/\/huzurmakina.com\/web\/wp-json\/wp\/v2\/pages"}],"about":[{"href":"https:\/\/huzurmakina.com\/web\/wp-json\/wp\/v2\/types\/page"}],"author":[{"embeddable":true,"href":"https:\/\/huzurmakina.com\/web\/wp-json\/wp\/v2\/users\/1"}],"replies":[{"embeddable":true,"href":"https:\/\/huzurmakina.com\/web\/wp-json\/wp\/v2\/comments?post=404"}],"version-history":[{"count":1,"href":"https:\/\/huzurmakina.com\/web\/wp-json\/wp\/v2\/pages\/404\/revisions"}],"predecessor-version":[{"id":405,"href":"https:\/\/huzurmakina.com\/web\/wp-json\/wp\/v2\/pages\/404\/revisions\/405"}],"wp:attachment":[{"href":"https:\/\/huzurmakina.com\/web\/wp-json\/wp\/v2\/media?parent=404"}],"curies":[{"name":"wp","href":"https:\/\/api.w.org\/{rel}","templated":true}]}}