{"id":467,"date":"2018-05-17T20:12:34","date_gmt":"2018-05-17T17:12:34","guid":{"rendered":"http:\/\/huzurmakina.com\/web\/?page_id=467"},"modified":"2018-07-01T15:40:50","modified_gmt":"2018-07-01T12:40:50","slug":"sl-2003-elektromekanik-senil-iplik-makinasi","status":"publish","type":"page","link":"https:\/\/huzurmakina.com\/web\/sl-2003-elektromekanik-senil-iplik-makinasi\/","title":{"rendered":"SL-2003 Elektromekanik \u015eenil \u0130plik Makinas\u0131"},"content":{"rendered":"<p><strong>\u015eenil iplik makinelerinde engin tecr\u00fcbeye sahip olan Huzur Makine, bu alandaki elektronik ve elektropn\u00f6matik aletlerdeki son geli\u015fmeler ve ileri teknoloji ile birlikte \u015fenil iplik \u00fcretimi i\u00e7in bu makineyi tasarlam\u0131\u015ft\u0131r. Genel olarak fantezi iplik sekt\u00f6r\u00fcndeki benzer makinelerle iplik \u00fcretilirken, makinelere s\u0131k\u00e7a bak\u0131m yapmak gerekmektedir. Halbuki \u00fcretimimiz olan\u00a0<\/strong><strong>SL-2003, minimum bak\u0131m gerektirmektedir. SL-2003 Elektromekanik \u015eenil \u0130plik makinesinin en \u00f6nemli \u00f6zelliklerinden biri de d\u00f6ner b\u0131\u00e7ak sisteminin getirdi\u011fi kalite devaml\u0131l\u0131\u011f\u0131 sayesinde akrilik, viskon, pamuk, polyester, polipropilen gibi ipliklerin kesimini \u00e7ok rahat yapmas\u0131d\u0131r.<\/strong><a href=\"http:\/\/huzurmakina.com\/web\/wp-content\/uploads\/SL-2003.jpg\" target=\"_blank\" rel=\"noopener\"><img loading=\"lazy\" decoding=\"async\" class=\"alignnone wp-image-469 size-large\" src=\"http:\/\/huzurmakina.com\/web\/wp-content\/uploads\/SL-2003-1024x498.jpg\" alt=\"\" width=\"1024\" height=\"498\" srcset=\"https:\/\/huzurmakina.com\/web\/wp-content\/uploads\/SL-2003-1024x498.jpg 1024w, https:\/\/huzurmakina.com\/web\/wp-content\/uploads\/SL-2003-300x146.jpg 300w, https:\/\/huzurmakina.com\/web\/wp-content\/uploads\/SL-2003-768x373.jpg 768w, https:\/\/huzurmakina.com\/web\/wp-content\/uploads\/SL-2003-700x340.jpg 700w, https:\/\/huzurmakina.com\/web\/wp-content\/uploads\/SL-2003-410x199.jpg 410w, https:\/\/huzurmakina.com\/web\/wp-content\/uploads\/SL-2003-100x49.jpg 100w, https:\/\/huzurmakina.com\/web\/wp-content\/uploads\/SL-2003-275x134.jpg 275w\" sizes=\"auto, (max-width: 1024px) 100vw, 1024px\" \/><\/a><\/p>\n<hr \/>\n<h4>Kontrol Paneli<\/h4>\n<p>Birinci kafadaki besleme, hav mili(rpm), iplik \u00e7\u0131k\u0131\u015f h\u0131z\u0131 (m\/dak.), i\u011f devri (rpm) ve plangan\u0131n hareketi dijital olarak g\u00f6r\u00fcl\u00fcr. Operat\u00f6r taraf\u0131ndan Planga paremetrelerine istenen de\u011ferler dokunmatik ekran sayesinde kolayca girilebilir.<\/p>\n<p><a href=\"http:\/\/huzurmakina.com\/web\/wp-content\/uploads\/sl-2003-Kontrol.jpg\" target=\"_blank\" rel=\"noopener\"><img loading=\"lazy\" decoding=\"async\" class=\"alignnone wp-image-470 size-medium\" src=\"http:\/\/huzurmakina.com\/web\/wp-content\/uploads\/sl-2003-Kontrol-300x225.jpg\" alt=\"\" width=\"300\" height=\"225\" srcset=\"https:\/\/huzurmakina.com\/web\/wp-content\/uploads\/sl-2003-Kontrol-300x225.jpg 300w, https:\/\/huzurmakina.com\/web\/wp-content\/uploads\/sl-2003-Kontrol-410x307.jpg 410w, https:\/\/huzurmakina.com\/web\/wp-content\/uploads\/sl-2003-Kontrol-100x75.jpg 100w, https:\/\/huzurmakina.com\/web\/wp-content\/uploads\/sl-2003-Kontrol-275x206.jpg 275w, https:\/\/huzurmakina.com\/web\/wp-content\/uploads\/sl-2003-Kontrol.jpg 467w\" sizes=\"auto, (max-width: 300px) 100vw, 300px\" \/><\/a><\/p>\n<hr \/>\n<h4>Planga ve Bilezikler<\/h4>\n<p>Bilezikler 115 mm. \u00e7ap\u0131ndad\u0131r. (\u00d6zel istek \u00fczerine 127mm olabilir) Ya\u011flama sistemi tek kanall\u0131 olup, ya\u011flar\u0131n bileziklere e\u015fit da\u011f\u0131l\u0131m\u0131n\u0131 sa\u011flar. D\u00fczg\u00fcn sar\u0131m i\u00e7in, Planga hareketine uyumlu iplik k\u0131lavuzlar\u0131 mevcuttur. Masura boyu 450mm\u2019dir.<\/p>\n<p><a href=\"http:\/\/huzurmakina.com\/web\/wp-content\/uploads\/sl-2003-Planga.jpg\" target=\"_blank\" rel=\"noopener\"><img loading=\"lazy\" decoding=\"async\" class=\"alignnone wp-image-473 size-medium\" src=\"http:\/\/huzurmakina.com\/web\/wp-content\/uploads\/sl-2003-Planga-300x266.jpg\" alt=\"\" width=\"300\" height=\"266\" srcset=\"https:\/\/huzurmakina.com\/web\/wp-content\/uploads\/sl-2003-Planga-300x266.jpg 300w, https:\/\/huzurmakina.com\/web\/wp-content\/uploads\/sl-2003-Planga-410x364.jpg 410w, https:\/\/huzurmakina.com\/web\/wp-content\/uploads\/sl-2003-Planga-100x89.jpg 100w, https:\/\/huzurmakina.com\/web\/wp-content\/uploads\/sl-2003-Planga-275x244.jpg 275w, https:\/\/huzurmakina.com\/web\/wp-content\/uploads\/sl-2003-Planga.jpg 470w\" sizes=\"auto, (max-width: 300px) 100vw, 300px\" \/><\/a><\/p>\n<hr \/>\n<h4>Y\u00fcksek H\u0131zl\u0131 Kafa ve B\u0131\u00e7ak Sistemi<\/h4>\n<p>\u00d6zel tasar\u0131m\u0131 sayesinde bu kafa sistemi, driver ve anti driver \u00fczerinde ayarlama yapmaya imkan verir. Bu i\u015flemi yaparken makineyi durdurmaya gerek yoktur. Bu yeni sitem sayesinde kafan\u0131n y\u00fcksek h\u0131zda sessiz ve vibrasyonsuz \u00e7al\u0131\u015fmas\u0131 m\u00fcmk\u00fcn k\u0131l\u0131nm\u0131\u015ft\u0131r. B\u0131\u00e7ak ya\u011flama sistemi ile viskon, pamuk, polyester, polipropilen gibi sert ipliklerin kesim esnas\u0131nda b\u0131\u00e7a\u011f\u0131 deforme etmesi \u00f6nlenmi\u015ftir. B\u0131\u00e7ak grubu 0.2 \u2013 1mm. b\u0131\u00e7aklar\u0131n rahat kullan\u0131labilmesi i\u00e7in sa\u011fa ve sola kayd\u0131r\u0131labilecek \u015fekilde dizayn edilmi\u015ftir.<\/p>\n<p><a href=\"http:\/\/huzurmakina.com\/web\/wp-content\/uploads\/sl-2003-Kafa.jpg\" target=\"_blank\" rel=\"noopener\"><img loading=\"lazy\" decoding=\"async\" class=\"alignnone wp-image-474 size-full\" src=\"http:\/\/huzurmakina.com\/web\/wp-content\/uploads\/sl-2003-Kafa.jpg\" alt=\"\" width=\"195\" height=\"282\" srcset=\"https:\/\/huzurmakina.com\/web\/wp-content\/uploads\/sl-2003-Kafa.jpg 195w, https:\/\/huzurmakina.com\/web\/wp-content\/uploads\/sl-2003-Kafa-100x145.jpg 100w\" sizes=\"auto, (max-width: 195px) 100vw, 195px\" \/><\/a><\/p>\n<hr \/>\n<h4>\u0130plik Gezdirme \u00dcnitesi \/ \u0130plik Kopma Svi\u00e7leri<\/h4>\n<p>\u0130plik Gezdirici Sistem, man\u015fonlar\u0131n a\u015f\u0131nmas\u0131 \u00f6nlemek i\u00e7in dizayn edilmi\u015ftir. Zemin ipliklerini \u00e7apraz gezdirerek man\u015fonlar\u0131n a\u015f\u0131nmas\u0131n\u0131 engeller. B\u00f6ylece zemin ipliklerinin s\u00fcrekli ayn\u0131 gerginlikte gitmesini sa\u011flar.<\/p>\n<p>\u0130plik Kopma Svi\u00e7leri sayesinde iplik kopmalar\u0131 kontrol alt\u0131na al\u0131narak hatal\u0131 \u00fcretim \u00f6nlenir. \u0130plik koptu\u011fu an, kafan\u0131n \u00e7al\u0131\u015fmas\u0131 otomatik olarak durur.<\/p>\n<p><a href=\"http:\/\/huzurmakina.com\/web\/wp-content\/uploads\/sl-2003-iplik.jpg\" target=\"_blank\" rel=\"noopener\"><img loading=\"lazy\" decoding=\"async\" class=\"alignnone wp-image-475 size-medium\" src=\"http:\/\/huzurmakina.com\/web\/wp-content\/uploads\/sl-2003-iplik-300x125.jpg\" alt=\"\" width=\"300\" height=\"125\" srcset=\"https:\/\/huzurmakina.com\/web\/wp-content\/uploads\/sl-2003-iplik-300x125.jpg 300w, https:\/\/huzurmakina.com\/web\/wp-content\/uploads\/sl-2003-iplik-410x171.jpg 410w, https:\/\/huzurmakina.com\/web\/wp-content\/uploads\/sl-2003-iplik-100x42.jpg 100w, https:\/\/huzurmakina.com\/web\/wp-content\/uploads\/sl-2003-iplik-275x114.jpg 275w, https:\/\/huzurmakina.com\/web\/wp-content\/uploads\/sl-2003-iplik.jpg 591w\" sizes=\"auto, (max-width: 300px) 100vw, 300px\" \/><\/a><\/p>\n<hr \/>\n<h4>\u00c7a\u011fl\u0131k Sistemi ve Teknik \u00d6zellikler<\/h4>\n<p>\u00c7a\u011fl\u0131k Sistemi makinenin \u00f6n\u00fcne kurulmu\u015ftur. Her i\u011fde zemin iplikleri i\u00e7in 2 bobin, efekt iplikleri i\u00e7in 2 bobin olacak \u015fekilde dizayn edilmi\u015ftir.<\/p>\n<p><a href=\"http:\/\/huzurmakina.com\/web\/wp-content\/uploads\/sl-2003-teknik.jpg\" target=\"_blank\" rel=\"noopener\"><img loading=\"lazy\" decoding=\"async\" class=\"alignnone wp-image-476 size-medium\" src=\"http:\/\/huzurmakina.com\/web\/wp-content\/uploads\/sl-2003-teknik-300x96.jpg\" alt=\"\" width=\"300\" height=\"96\" srcset=\"https:\/\/huzurmakina.com\/web\/wp-content\/uploads\/sl-2003-teknik-300x96.jpg 300w, https:\/\/huzurmakina.com\/web\/wp-content\/uploads\/sl-2003-teknik-700x225.jpg 700w, https:\/\/huzurmakina.com\/web\/wp-content\/uploads\/sl-2003-teknik-410x132.jpg 410w, https:\/\/huzurmakina.com\/web\/wp-content\/uploads\/sl-2003-teknik-100x32.jpg 100w, https:\/\/huzurmakina.com\/web\/wp-content\/uploads\/sl-2003-teknik-275x88.jpg 275w, https:\/\/huzurmakina.com\/web\/wp-content\/uploads\/sl-2003-teknik.jpg 745w\" sizes=\"auto, (max-width: 300px) 100vw, 300px\" \/><\/a><\/p>\n<h4>Teknik \u00d6zellikler<\/h4>\n<p><strong>MODEL :<\/strong> SL-2003 ELEKTROMEKAN\u0130K \u015eEN\u0130L \u0130PL\u0130K MAK\u0130NASI<br \/>\n<strong>\u0130\u011eLER ARASI A\u00c7IKLIK :<\/strong> 180 mm<br \/>\n<strong>1 MOD\u00dcLDEK\u0130 \u0130\u011e SAYISI :<\/strong> 8<br \/>\n<strong>MAKS\u0130MUM \u0130\u011e SAYISI :<\/strong> 120<br \/>\n<strong>B\u0130LEZ\u0130K \u00c7API :<\/strong> 115-127 mm<br \/>\n<strong>BOB\u0130N Y\u00dcKSEKL\u0130\u011e\u0130 :<\/strong> 450 mm<br \/>\n<strong>TOPLAM G\u00dc\u00c7 :<\/strong> 33 Kw.<br \/>\n<strong>MAKS\u0130MUM \u0130\u011e HIZI :<\/strong> 7.500 rpm<br \/>\n<strong>MAKS\u0130MUM KAFA HIZI :<\/strong> 20.000 rpm<br \/>\n<strong>MAKS\u0130MUM \u0130PL\u0130K \u00dcRET\u0130M HIZI :<\/strong> 15 mt \/ dak.<br \/>\n<strong>\u0130PL\u0130K \u00c7ALI\u015eMA ARALI\u011eI :<\/strong> 1 Nm \u2013 8 Nm<\/p>\n<hr \/>\n<h4>\u0130ste\u011fe Ba\u011fl\u0131 Aksesuarlar<\/h4>\n<p><strong>Jilet-D\u00fcz B\u0131\u00e7ak Mekanizmas\u0131<\/strong><\/p>\n<p><a href=\"http:\/\/huzurmakina.com\/web\/wp-content\/uploads\/sl-2005-jiletDuzBicak.jpg\" target=\"_blank\" rel=\"noopener\"><img loading=\"lazy\" decoding=\"async\" class=\"alignnone wp-image-372 size-medium\" src=\"http:\/\/huzurmakina.com\/web\/wp-content\/uploads\/sl-2005-jiletDuzBicak-266x300.jpg\" alt=\"\" width=\"266\" height=\"300\" srcset=\"https:\/\/huzurmakina.com\/web\/wp-content\/uploads\/sl-2005-jiletDuzBicak-266x300.jpg 266w, https:\/\/huzurmakina.com\/web\/wp-content\/uploads\/sl-2005-jiletDuzBicak-230x259.jpg 230w, https:\/\/huzurmakina.com\/web\/wp-content\/uploads\/sl-2005-jiletDuzBicak.jpg 330w\" sizes=\"auto, (max-width: 266px) 100vw, 266px\" \/><\/a><\/p>\n<p>Makinemiz d\u00f6ner b\u0131\u00e7ak sistemi ile \u00e7al\u0131\u015fmaktad\u0131r. Fakat e\u011fer istenirse bu aparatta al\u0131narak makinede ister D\u00f6ner b\u0131\u00e7ak ister Jiletli d\u00fcz b\u0131\u00e7ak sistemi ile \u00e7al\u0131\u015f\u0131labilir. Aparatlar makineye istenildi\u011finde kolayl\u0131kla d\u00f6ner b\u0131\u00e7ak g\u00f6vdesi \u00e7\u0131kar\u0131larak monte edilebilirler.<\/p>\n<p><strong>B\u0131\u00e7ak Bileme Aparat\u0131<\/strong><\/p>\n<p><a href=\"http:\/\/huzurmakina.com\/web\/wp-content\/uploads\/sl-2005-BicakBileme.jpg\" target=\"_blank\" rel=\"noopener\"><img loading=\"lazy\" decoding=\"async\" class=\"alignnone wp-image-374 size-medium\" src=\"http:\/\/huzurmakina.com\/web\/wp-content\/uploads\/sl-2005-BicakBileme-300x207.jpg\" alt=\"\" width=\"300\" height=\"207\" srcset=\"https:\/\/huzurmakina.com\/web\/wp-content\/uploads\/sl-2005-BicakBileme-300x207.jpg 300w, https:\/\/huzurmakina.com\/web\/wp-content\/uploads\/sl-2005-BicakBileme-230x159.jpg 230w, https:\/\/huzurmakina.com\/web\/wp-content\/uploads\/sl-2005-BicakBileme-350x241.jpg 350w, https:\/\/huzurmakina.com\/web\/wp-content\/uploads\/sl-2005-BicakBileme-480x331.jpg 480w, https:\/\/huzurmakina.com\/web\/wp-content\/uploads\/sl-2005-BicakBileme.jpg 548w\" sizes=\"auto, (max-width: 300px) 100vw, 300px\" \/><\/a><\/p>\n<p>Bu \u00f6zel aletle makine \u00e7al\u0131\u015f\u0131rken b\u0131\u00e7aklar rahatl\u0131kla bileylenebilir. Kolayca monte edilebilir ve \u00e7al\u0131\u015ft\u0131r\u0131labilir. Aparat 5 atm d\u00fczeyindeki bas\u0131n\u00e7l\u0131 hava ile manuel olarak \u00e7al\u0131\u015fmaktad\u0131r.<\/p>\n<p><strong>\u00d6nden Gezer Temizleyici<\/strong><\/p>\n<p><a href=\"http:\/\/huzurmakina.com\/web\/wp-content\/uploads\/sl-2005-ondenGezer.jpg\" target=\"_blank\" rel=\"noopener\"><img loading=\"lazy\" decoding=\"async\" class=\"alignnone wp-image-375 size-medium\" src=\"http:\/\/huzurmakina.com\/web\/wp-content\/uploads\/sl-2005-ondenGezer-300x207.jpg\" alt=\"\" width=\"300\" height=\"207\" srcset=\"https:\/\/huzurmakina.com\/web\/wp-content\/uploads\/sl-2005-ondenGezer-300x207.jpg 300w, https:\/\/huzurmakina.com\/web\/wp-content\/uploads\/sl-2005-ondenGezer-230x158.jpg 230w, https:\/\/huzurmakina.com\/web\/wp-content\/uploads\/sl-2005-ondenGezer-350x241.jpg 350w, https:\/\/huzurmakina.com\/web\/wp-content\/uploads\/sl-2005-ondenGezer-480x330.jpg 480w, https:\/\/huzurmakina.com\/web\/wp-content\/uploads\/sl-2005-ondenGezer.jpg 549w\" sizes=\"auto, (max-width: 300px) 100vw, 300px\" \/><\/a><\/p>\n<p>Gezer temizleyici makineye paralel olarak raylar \u00fczerinde \u00e7al\u0131\u015f\u0131r. Dakikadaki h\u0131z\u0131 14 metredir. \u00dczerindeki hava \u00fcfleme nozullar\u0131, istenildi\u011fi \u015fekilde ayarlanarak u\u00e7an elyaf tozlardan ve art\u0131klardan ilgili b\u00f6l\u00fcm\u00fc temizler. \u0130plik kopmalar\u0131n\u0131 azaltarak kusursuz temizlik sa\u011flar ve makinenin verimlili\u011fini artt\u0131r\u0131r. \u00c7al\u0131\u015fma \u015fartlar\u0131n\u0131 iyile\u015ftirir. \u0130plik \u00fczerinde toz birikmesini engelledi\u011finden makinenin \u00e7al\u0131\u015ft\u0131\u011f\u0131 ortam ve makine temiz kal\u0131r. Enerji t\u00fcketimi az olup en iyi performans\u0131 sa\u011flar. Operat\u00f6r\u00fcn rahatl\u0131kla \u00e7al\u0131\u015fabilece\u011fi geni\u015fliktedir ve estetik g\u00f6r\u00fcn\u00fc\u015fl\u00fcd\u00fcr.<\/p>\n<p><strong>\u00dcstten Gezer Temizleyici<\/strong><\/p>\n<p><a href=\"http:\/\/huzurmakina.com\/web\/wp-content\/uploads\/sl-2005-usttenGezer.jpg\" target=\"_blank\" rel=\"noopener\"><img loading=\"lazy\" decoding=\"async\" class=\"alignnone wp-image-376 size-medium\" src=\"http:\/\/huzurmakina.com\/web\/wp-content\/uploads\/sl-2005-usttenGezer-300x285.jpg\" alt=\"\" width=\"300\" height=\"285\" srcset=\"https:\/\/huzurmakina.com\/web\/wp-content\/uploads\/sl-2005-usttenGezer-300x285.jpg 300w, https:\/\/huzurmakina.com\/web\/wp-content\/uploads\/sl-2005-usttenGezer-230x219.jpg 230w, https:\/\/huzurmakina.com\/web\/wp-content\/uploads\/sl-2005-usttenGezer-350x333.jpg 350w, https:\/\/huzurmakina.com\/web\/wp-content\/uploads\/sl-2005-usttenGezer-480x456.jpg 480w, https:\/\/huzurmakina.com\/web\/wp-content\/uploads\/sl-2005-usttenGezer.jpg 549w\" sizes=\"auto, (max-width: 300px) 100vw, 300px\" \/><\/a><\/p>\n<p>\u00dcstten Gezer Temizleyici, \u015eenil Makinesine paralel olarak makine ve \u00e7a\u011fl\u0131k k\u0131sm\u0131n\u0131n \u00fcst\u00fcnde, raylar \u00fczerinde \u00e7al\u0131\u015f\u0131r. Makinenin \u00f6n\u00fcndeki \u00fcnite, \u00e7a\u011fl\u0131k sistemindeki iplikleri ve iplik rehberlerini temizler. Makinenin arkas\u0131ndaki \u00fcnite, \u015eenil makinesinin arkas\u0131nda bulunan hareketli k\u0131s\u0131mlar\u0131 temizler. Makinenin \u00fcst \u00fcnitesi, \u00e7a\u011fl\u0131ktan \u015eenil makinesine gelen iplikleri temizler. Ek olarak makinenin \u00f6n ve arka \u00fcnitelerinin alt taraf\u0131nda buluna nozullar \u015eenil makinesinin etraf\u0131ndaki tozlar\u0131 \u00e7ekerek at\u0131k kurusunda otomatik olarak biriktirir. Operat\u00f6r belirli aral\u0131klarla bu at\u0131klar\u0131 temizler.<\/p>\n","protected":false},"excerpt":{"rendered":"<p>\u015eenil iplik makinelerinde engin tecr\u00fcbeye sahip olan Huzur Makine, bu alandaki elektronik ve elektropn\u00f6matik aletlerdeki son geli\u015fmeler ve ileri teknoloji ile birlikte \u015fenil iplik \u00fcretimi i\u00e7in bu makineyi tasarlam\u0131\u015ft\u0131r. Genel olarak fantezi iplik sekt\u00f6r\u00fcndeki benzer makinelerle iplik \u00fcretilirken, makinelere s\u0131k\u00e7a bak\u0131m yapmak gerekmektedir. Halbuki \u00fcretimimiz olan\u00a0SL-2003, minimum bak\u0131m gerektirmektedir. SL-2003 Elektromekanik \u015eenil \u0130plik makinesinin en [&hellip;]<\/p>\n","protected":false},"author":1,"featured_media":469,"parent":0,"menu_order":0,"comment_status":"closed","ping_status":"closed","template":"","meta":{"footnotes":""},"class_list":["post-467","page","type-page","status-publish","has-post-thumbnail","hentry"],"_links":{"self":[{"href":"https:\/\/huzurmakina.com\/web\/wp-json\/wp\/v2\/pages\/467","targetHints":{"allow":["GET"]}}],"collection":[{"href":"https:\/\/huzurmakina.com\/web\/wp-json\/wp\/v2\/pages"}],"about":[{"href":"https:\/\/huzurmakina.com\/web\/wp-json\/wp\/v2\/types\/page"}],"author":[{"embeddable":true,"href":"https:\/\/huzurmakina.com\/web\/wp-json\/wp\/v2\/users\/1"}],"replies":[{"embeddable":true,"href":"https:\/\/huzurmakina.com\/web\/wp-json\/wp\/v2\/comments?post=467"}],"version-history":[{"count":5,"href":"https:\/\/huzurmakina.com\/web\/wp-json\/wp\/v2\/pages\/467\/revisions"}],"predecessor-version":[{"id":480,"href":"https:\/\/huzurmakina.com\/web\/wp-json\/wp\/v2\/pages\/467\/revisions\/480"}],"wp:featuredmedia":[{"embeddable":true,"href":"https:\/\/huzurmakina.com\/web\/wp-json\/wp\/v2\/media\/469"}],"wp:attachment":[{"href":"https:\/\/huzurmakina.com\/web\/wp-json\/wp\/v2\/media?parent=467"}],"curies":[{"name":"wp","href":"https:\/\/api.w.org\/{rel}","templated":true}]}}