{"id":821,"date":"2018-05-20T14:01:12","date_gmt":"2018-05-20T11:01:12","guid":{"rendered":"http:\/\/huzurmakina.com\/web\/?page_id=821"},"modified":"2018-07-01T16:50:38","modified_gmt":"2018-07-01T13:50:38","slug":"regafil-fantazi-iplik-makinasi","status":"publish","type":"page","link":"https:\/\/huzurmakina.com\/web\/regafil-fantazi-iplik-makinasi\/","title":{"rendered":"REGAFIL Fantazi \u0130plik Makinas\u0131"},"content":{"rendered":"<p><strong>\u0130nce, yumu\u015fak ve uyumlu fantazi efektlerini, daha iyi ve daha ekonomik olarak \u00fcretmek i\u00e7in Huzur Makina, g\u00fcncel teknolojik geli\u015fmeler \u0131\u015f\u0131\u011f\u0131nda Regafil Fantezi \u0130plik makines\u0131n\u0131 geli\u015ftirmi\u015ftir.<\/strong><\/p>\n<p><strong>Regafil makinas\u0131 delikli i\u011f + bilezikli i\u011f sistemiyle \u00e7al\u0131\u015f\u0131r. \u0130plik ve elyaftan fantezi iplik yapmak m\u00fcmk\u00fcnd\u00fcr. 10 de\u011fi\u015fik zaman ve 10 de\u011fi\u015fik h\u0131z girilerek; n\u00f6pe, \u015fantuk, flam gibi iplikler \u00fcretmek m\u00fcmk\u00fcnd\u00fcr. Emi\u015f kanal\u0131 standartt\u0131r. Delikli i\u011fler ve bilezikli i\u011fler sonsuz kay\u0131\u015fla d\u00f6nd\u00fcr\u00fcl\u00fcr.<\/strong><\/p>\n<p><a href=\"http:\/\/huzurmakina.com\/web\/wp-content\/uploads\/REGAFIL.jpg\" target=\"_blank\" rel=\"noopener\"><img loading=\"lazy\" decoding=\"async\" class=\"alignnone wp-image-822 size-large\" src=\"http:\/\/huzurmakina.com\/web\/wp-content\/uploads\/REGAFIL-1024x451.jpg\" alt=\"\" width=\"1024\" height=\"451\" srcset=\"https:\/\/huzurmakina.com\/web\/wp-content\/uploads\/REGAFIL-1024x451.jpg 1024w, https:\/\/huzurmakina.com\/web\/wp-content\/uploads\/REGAFIL-300x132.jpg 300w, https:\/\/huzurmakina.com\/web\/wp-content\/uploads\/REGAFIL-768x338.jpg 768w, https:\/\/huzurmakina.com\/web\/wp-content\/uploads\/REGAFIL-700x308.jpg 700w, https:\/\/huzurmakina.com\/web\/wp-content\/uploads\/REGAFIL-410x180.jpg 410w, https:\/\/huzurmakina.com\/web\/wp-content\/uploads\/REGAFIL-100x44.jpg 100w, https:\/\/huzurmakina.com\/web\/wp-content\/uploads\/REGAFIL-275x121.jpg 275w\" sizes=\"auto, (max-width: 1024px) 100vw, 1024px\" \/><\/a><\/p>\n<hr \/>\n<h4>Kontrol Paneli<\/h4>\n<p>Regafil Fantezi \u0130plik Makinas\u0131, full elektronik kontroll\u00fcd\u00fcr. B\u00fct\u00fcn ayarlar operat\u00f6r panelinden yap\u0131lmaktad\u0131r. Dijital kontrol tu\u015flar\u0131 yard\u0131m\u0131yla, basit, karma\u015f\u0131k olmayan men\u00fc sistemi kullan\u0131larak, \u00fcretim kayb\u0131 olmaks\u0131z\u0131n, b\u00fct\u00fcn millere, bilezikli ve delikli i\u011flere ve planga motoruna kumanda etmek ve iplikte desenleme yapmak m\u00fcmk\u00fcnd\u00fcr.<\/p>\n<p><a href=\"http:\/\/huzurmakina.com\/web\/wp-content\/uploads\/regafil-kontrol1-1.jpg\" target=\"_blank\" rel=\"noopener\"><img loading=\"lazy\" decoding=\"async\" class=\"alignnone wp-image-1028 size-full\" src=\"http:\/\/huzurmakina.com\/web\/wp-content\/uploads\/regafil-kontrol1-1.jpg\" alt=\"\" width=\"276\" height=\"267\" srcset=\"https:\/\/huzurmakina.com\/web\/wp-content\/uploads\/regafil-kontrol1-1.jpg 276w, https:\/\/huzurmakina.com\/web\/wp-content\/uploads\/regafil-kontrol1-1-100x97.jpg 100w, https:\/\/huzurmakina.com\/web\/wp-content\/uploads\/regafil-kontrol1-1-275x266.jpg 275w\" sizes=\"auto, (max-width: 276px) 100vw, 276px\" \/><\/a><\/p>\n<p>Fantezi iplik \u00fcreticilerini, desen se\u00e7iminde s\u0131n\u0131rs\u0131z olanaklar beklemektedir. Ayn\u0131 zamanda kolay programlanabilir olmas\u0131 ve g\u00fcvenceli efekt kalitesi vermesi en \u00f6nemli \u00f6zelli\u011fidir. Ayarlanan iplik \u00e7e\u015fitleri ekran\u0131n haf\u0131zas\u0131nda saklanabilir. \u0130stenildi\u011finde programdan \u00e7a\u011f\u0131r\u0131larak, ayn\u0131 efekt iplik \u00fcretilebilir.<\/p>\n<p><a href=\"http:\/\/huzurmakina.com\/web\/wp-content\/uploads\/regafil-kontrol2-1.jpg\" target=\"_blank\" rel=\"noopener\"><img loading=\"lazy\" decoding=\"async\" class=\"alignnone wp-image-1029 size-medium\" src=\"http:\/\/huzurmakina.com\/web\/wp-content\/uploads\/regafil-kontrol2-1-194x300.jpg\" alt=\"\" width=\"194\" height=\"300\" srcset=\"https:\/\/huzurmakina.com\/web\/wp-content\/uploads\/regafil-kontrol2-1-194x300.jpg 194w, https:\/\/huzurmakina.com\/web\/wp-content\/uploads\/regafil-kontrol2-1-100x154.jpg 100w, https:\/\/huzurmakina.com\/web\/wp-content\/uploads\/regafil-kontrol2-1-275x424.jpg 275w, https:\/\/huzurmakina.com\/web\/wp-content\/uploads\/regafil-kontrol2-1.jpg 363w\" sizes=\"auto, (max-width: 194px) 100vw, 194px\" \/><\/a><\/p>\n<hr \/>\n<h4>\u0130\u011fler<\/h4>\n<p>\u0130plik, \u00f6n b\u00fck\u00fcm\u00fc h\u0131zla d\u00f6nen delikli i\u011fden al\u0131r ve sonra bilezikli i\u011f taraf\u0131ndan do\u011frudan b\u00fck\u00fcl\u00fcr. Regafil Fantezi \u0130plik Makinas\u0131nda elde edilen fantezi iplikler, triko sekt\u00f6r\u00fcnde, \u00fcst giyimlik kuma\u015flarda, dekorasyon kuma\u015flar\u0131nda, perdeliklerde ve benzeri \u00fcr\u00fcnlerde kullan\u0131lmaktad\u0131r.<\/p>\n<p><a href=\"http:\/\/huzurmakina.com\/web\/wp-content\/uploads\/regafil-igler-1.jpg\" target=\"_blank\" rel=\"noopener\"><img loading=\"lazy\" decoding=\"async\" class=\"alignnone wp-image-1031 size-medium\" src=\"http:\/\/huzurmakina.com\/web\/wp-content\/uploads\/regafil-igler-1-300x242.jpg\" alt=\"\" width=\"300\" height=\"242\" srcset=\"https:\/\/huzurmakina.com\/web\/wp-content\/uploads\/regafil-igler-1-300x242.jpg 300w, https:\/\/huzurmakina.com\/web\/wp-content\/uploads\/regafil-igler-1-410x330.jpg 410w, https:\/\/huzurmakina.com\/web\/wp-content\/uploads\/regafil-igler-1-100x81.jpg 100w, https:\/\/huzurmakina.com\/web\/wp-content\/uploads\/regafil-igler-1-275x222.jpg 275w, https:\/\/huzurmakina.com\/web\/wp-content\/uploads\/regafil-igler-1.jpg 443w\" sizes=\"auto, (max-width: 300px) 100vw, 300px\" \/><\/a><\/p>\n<hr \/>\n<h4>Planga ve Bilezikler<\/h4>\n<p>Bilezikler 115 mm. \u00e7ap\u0131ndad\u0131r. (\u00d6zel istek \u00fczerine 127mm olabilir) Ya\u011flama sistemi tek kanall\u0131 olup, ya\u011flar\u0131n bileziklere e\u015fit da\u011f\u0131l\u0131m\u0131n\u0131 sa\u011flar. D\u00fczg\u00fcn sar\u0131m i\u00e7in, Planga hareketine uyumlu iplik k\u0131lavuzlar\u0131 mevcuttur. Masura boyu 450mm\u2019dir.<\/p>\n<p><a href=\"http:\/\/huzurmakina.com\/web\/wp-content\/uploads\/regafil-Planga-1.jpg\" target=\"_blank\" rel=\"noopener\"><img loading=\"lazy\" decoding=\"async\" class=\"alignnone wp-image-1032 size-medium\" src=\"http:\/\/huzurmakina.com\/web\/wp-content\/uploads\/regafil-Planga-1-300x197.jpg\" alt=\"\" width=\"300\" height=\"197\" srcset=\"https:\/\/huzurmakina.com\/web\/wp-content\/uploads\/regafil-Planga-1-300x197.jpg 300w, https:\/\/huzurmakina.com\/web\/wp-content\/uploads\/regafil-Planga-1-410x269.jpg 410w, https:\/\/huzurmakina.com\/web\/wp-content\/uploads\/regafil-Planga-1-100x66.jpg 100w, https:\/\/huzurmakina.com\/web\/wp-content\/uploads\/regafil-Planga-1-275x180.jpg 275w, https:\/\/huzurmakina.com\/web\/wp-content\/uploads\/regafil-Planga-1.jpg 438w\" sizes=\"auto, (max-width: 300px) 100vw, 300px\" \/><\/a><\/p>\n<hr \/>\n<h4>Tahrik Sistemi<\/h4>\n<p>Bask\u0131 kollar\u0131, miller, delikli i\u011fler, separat\u00f6r ve bilezikli i\u011fler. Basit tahrik sistemi; derli toplu, kolay anla\u015f\u0131labilir, g\u00fcr\u00fclt\u00fcs\u00fc zay\u0131f ve az, bak\u0131m isteyen \u00f6zelliklerdedir. Sonraki i\u015flem kademelerinde, tak\u0131m doldu\u011funda otomatik dibe sar\u0131m daha y\u00fcksek verim sa\u011flar.<\/p>\n<p><a href=\"http:\/\/huzurmakina.com\/web\/wp-content\/uploads\/Regafil-Tahrik-1.jpg\" target=\"_blank\" rel=\"noopener\"><img loading=\"lazy\" decoding=\"async\" class=\"alignnone wp-image-1033 size-medium\" src=\"http:\/\/huzurmakina.com\/web\/wp-content\/uploads\/Regafil-Tahrik-1-300x153.jpg\" alt=\"\" width=\"300\" height=\"153\" srcset=\"https:\/\/huzurmakina.com\/web\/wp-content\/uploads\/Regafil-Tahrik-1-300x153.jpg 300w, https:\/\/huzurmakina.com\/web\/wp-content\/uploads\/Regafil-Tahrik-1-410x209.jpg 410w, https:\/\/huzurmakina.com\/web\/wp-content\/uploads\/Regafil-Tahrik-1-100x51.jpg 100w, https:\/\/huzurmakina.com\/web\/wp-content\/uploads\/Regafil-Tahrik-1-275x140.jpg 275w, https:\/\/huzurmakina.com\/web\/wp-content\/uploads\/Regafil-Tahrik-1.jpg 421w\" sizes=\"auto, (max-width: 300px) 100vw, 300px\" \/><\/a><\/p>\n<hr \/>\n<h4>\u00dcst\u00fcn \u00d6zellikleri<\/h4>\n<p>Efekt iplik b\u00fck\u00fcm\u00fc taleplerine uygun dizayn edilen Regafil, gelece\u011fe d\u00f6n\u00fck yeniliklere a\u00e7\u0131kt\u0131r. Geli\u015fimci ve \u00e7ok y\u00f6nl\u00fc program\u0131 ile size bir dizi avantajlar sunmaktad\u0131r. \u0130nce, yumu\u015fak ve uyumlu fantezi efekt iplikleri \u00fcretmektedir. Benzerlerine oranla \u00fcretim performans\u0131 daha y\u00fcksek ve daha ekonomiktir.<\/p>\n<p>Modern elektronik donan\u0131m\u0131 ile makineyi durdurmadan s\u00fcratli ve hi\u00e7bir problemle kar\u015f\u0131la\u015fmadan \u00e7ok farkl\u0131 iplik \u00e7e\u015fitleri \u00fcretebilmektedir. \u00dcretilen iplikler yumu\u015fak tu\u015feye ve hacimli g\u00f6r\u00fcnt\u00fcye sahiptir.<\/p>\n<hr \/>\n<h4>\u00c7a\u011fl\u0131k Sistemi ve Teknik \u00d6zellikler<\/h4>\n<p>\u00c7a\u011fl\u0131k Sistemi makinenin \u00f6n\u00fcne kurulmu\u015ftur. Elyaf ve \u0130plik bobinlerinin rahatl\u0131kla \u00e7al\u0131\u015fabilece\u011fi \u015fekilde dizayn edilmi\u015ftir.<\/p>\n<p><a href=\"http:\/\/huzurmakina.com\/web\/wp-content\/uploads\/regafil-Teknik-1.jpg\" target=\"_blank\" rel=\"noopener\"><img loading=\"lazy\" decoding=\"async\" class=\"alignnone wp-image-1034 size-medium\" src=\"http:\/\/huzurmakina.com\/web\/wp-content\/uploads\/regafil-Teknik-1-300x89.jpg\" alt=\"\" width=\"300\" height=\"89\" srcset=\"https:\/\/huzurmakina.com\/web\/wp-content\/uploads\/regafil-Teknik-1-300x89.jpg 300w, https:\/\/huzurmakina.com\/web\/wp-content\/uploads\/regafil-Teknik-1-768x227.jpg 768w, https:\/\/huzurmakina.com\/web\/wp-content\/uploads\/regafil-Teknik-1-700x207.jpg 700w, https:\/\/huzurmakina.com\/web\/wp-content\/uploads\/regafil-Teknik-1-410x121.jpg 410w, https:\/\/huzurmakina.com\/web\/wp-content\/uploads\/regafil-Teknik-1-100x30.jpg 100w, https:\/\/huzurmakina.com\/web\/wp-content\/uploads\/regafil-Teknik-1-275x81.jpg 275w, https:\/\/huzurmakina.com\/web\/wp-content\/uploads\/regafil-Teknik-1.jpg 813w\" sizes=\"auto, (max-width: 300px) 100vw, 300px\" \/><\/a><\/p>\n<h4>Teknik \u00d6zellikler<\/h4>\n<p><strong>MODEL :<\/strong> REGAF\u0130L FANTAZ\u0130 \u0130PL\u0130K MAK\u0130NASI<br \/>\n<strong>\u0130\u011eLER ARASI A\u00c7IKLIK :<\/strong> 180 mm<br \/>\n<strong>B\u0130LEZ\u0130K \u00c7API :<\/strong> 115-127 mm<br \/>\n<strong>\u0130\u011e Y\u00dcKSEKL\u0130\u011e\u0130 :<\/strong> 450 mm<br \/>\n<strong>MAKS\u0130MUM B\u0130LEZ\u0130KL\u0130 \u0130\u011e HIZI :<\/strong> 7.500 rpm<br \/>\n<strong>MAKS\u0130MUM DEL\u0130KL\u0130 \u0130\u011e HIZI :<\/strong> 20.000 rpm<br \/>\n<strong>\u0130PL\u0130K \u00dcRET\u0130M HIZI :<\/strong> 15 mt \/ dak.<br \/>\n<strong>1 MOD\u00dcLDEK\u0130 \u0130\u011e SAYISI :<\/strong> 8<br \/>\n<strong>MAKS\u0130MUM \u0130\u011e SAYISI :<\/strong> 96<\/p>\n","protected":false},"excerpt":{"rendered":"<p>\u0130nce, yumu\u015fak ve uyumlu fantazi efektlerini, daha iyi ve daha ekonomik olarak \u00fcretmek i\u00e7in Huzur Makina, g\u00fcncel teknolojik geli\u015fmeler \u0131\u015f\u0131\u011f\u0131nda Regafil Fantezi \u0130plik makines\u0131n\u0131 geli\u015ftirmi\u015ftir. Regafil makinas\u0131 delikli i\u011f + bilezikli i\u011f sistemiyle \u00e7al\u0131\u015f\u0131r. \u0130plik ve elyaftan fantezi iplik yapmak m\u00fcmk\u00fcnd\u00fcr. 10 de\u011fi\u015fik zaman ve 10 de\u011fi\u015fik h\u0131z girilerek; n\u00f6pe, \u015fantuk, flam gibi iplikler \u00fcretmek [&hellip;]<\/p>\n","protected":false},"author":1,"featured_media":822,"parent":0,"menu_order":0,"comment_status":"closed","ping_status":"closed","template":"","meta":{"footnotes":""},"class_list":["post-821","page","type-page","status-publish","has-post-thumbnail","hentry"],"_links":{"self":[{"href":"https:\/\/huzurmakina.com\/web\/wp-json\/wp\/v2\/pages\/821","targetHints":{"allow":["GET"]}}],"collection":[{"href":"https:\/\/huzurmakina.com\/web\/wp-json\/wp\/v2\/pages"}],"about":[{"href":"https:\/\/huzurmakina.com\/web\/wp-json\/wp\/v2\/types\/page"}],"author":[{"embeddable":true,"href":"https:\/\/huzurmakina.com\/web\/wp-json\/wp\/v2\/users\/1"}],"replies":[{"embeddable":true,"href":"https:\/\/huzurmakina.com\/web\/wp-json\/wp\/v2\/comments?post=821"}],"version-history":[{"count":6,"href":"https:\/\/huzurmakina.com\/web\/wp-json\/wp\/v2\/pages\/821\/revisions"}],"predecessor-version":[{"id":1036,"href":"https:\/\/huzurmakina.com\/web\/wp-json\/wp\/v2\/pages\/821\/revisions\/1036"}],"wp:featuredmedia":[{"embeddable":true,"href":"https:\/\/huzurmakina.com\/web\/wp-json\/wp\/v2\/media\/822"}],"wp:attachment":[{"href":"https:\/\/huzurmakina.com\/web\/wp-json\/wp\/v2\/media?parent=821"}],"curies":[{"name":"wp","href":"https:\/\/api.w.org\/{rel}","templated":true}]}}