{"id":849,"date":"2018-05-20T14:48:29","date_gmt":"2018-05-20T11:48:29","guid":{"rendered":"http:\/\/huzurmakina.com\/web\/?page_id=849"},"modified":"2018-07-01T15:40:51","modified_gmt":"2018-07-01T12:40:51","slug":"sl-2006-jiletli-senil-iplik-makinesi","status":"publish","type":"page","link":"https:\/\/huzurmakina.com\/web\/sl-2006-jiletli-senil-iplik-makinesi\/","title":{"rendered":"SL-2006 Jiletli \u015eenil \u0130plik Makinesi"},"content":{"rendered":"<p><strong>\u015eenil iplik makinelerinde engin tecr\u00fcbeye sahip olan Huzur Makine, teknolojik geli\u015fmelere paralel olarak daha kaliteli \u015fenil iplik \u00fcretimi i\u00e7in g\u00fcncellenmi\u015f Modern Jiletli \u015fenil \u0130plik Makinesini \u00fcretmi\u015ftir. Bu makine ile her t\u00fcrl\u00fc materyalden \u015fenil iplik \u00fcretimi m\u00fcmk\u00fcn k\u0131l\u0131narak minimum bak\u0131m ve operat\u00f6r deste\u011fi ile maksimum verimin al\u0131nmas\u0131 sa\u011flanm\u0131\u015ft\u0131r.<\/strong><\/p>\n<p><a href=\"http:\/\/huzurmakina.com\/web\/wp-content\/uploads\/SL-2006.jpg\" target=\"_blank\" rel=\"noopener\"><img loading=\"lazy\" decoding=\"async\" class=\"alignnone wp-image-850 size-large\" src=\"http:\/\/huzurmakina.com\/web\/wp-content\/uploads\/SL-2006-1024x511.jpg\" alt=\"\" width=\"1024\" height=\"511\" srcset=\"https:\/\/huzurmakina.com\/web\/wp-content\/uploads\/SL-2006-1024x511.jpg 1024w, https:\/\/huzurmakina.com\/web\/wp-content\/uploads\/SL-2006-300x150.jpg 300w, https:\/\/huzurmakina.com\/web\/wp-content\/uploads\/SL-2006-768x383.jpg 768w, https:\/\/huzurmakina.com\/web\/wp-content\/uploads\/SL-2006-700x349.jpg 700w, https:\/\/huzurmakina.com\/web\/wp-content\/uploads\/SL-2006-410x205.jpg 410w, https:\/\/huzurmakina.com\/web\/wp-content\/uploads\/SL-2006-100x50.jpg 100w, https:\/\/huzurmakina.com\/web\/wp-content\/uploads\/SL-2006-275x137.jpg 275w\" sizes=\"auto, (max-width: 1024px) 100vw, 1024px\" \/><\/a><\/p>\n<hr \/>\n<h4>\u0130plik Gezdirme \u00dcnitesi \/ \u0130plik Kopma Svi\u00e7leri<\/h4>\n<p>\u00d6zel istek \u00fczerine tak\u0131lan \u0130plik Gezdirici Sistem, man\u015fonlar\u0131n a\u015f\u0131nmas\u0131 \u00f6nlemek i\u00e7in dizayn edilmi\u015ftir. Zemin ipliklerini \u00e7apraz gezdirerek man\u015fonlar\u0131n a\u015f\u0131nmas\u0131n\u0131 engeller. B\u00f6ylece zemin ipliklerinin s\u00fcrekli ayn\u0131 gerginlikte gitmesini sa\u011flar.<\/p>\n<p>\u0130plik Kopma Svi\u00e7leri sayesinde iplik kopmalar\u0131 kontrol alt\u0131na al\u0131narak hatal\u0131 \u00fcretim \u00f6nlenir. \u0130plik koptu\u011fu an, kafan\u0131n \u00e7al\u0131\u015fmas\u0131 otomatik olarak durur.<\/p>\n<p><a href=\"http:\/\/huzurmakina.com\/web\/wp-content\/uploads\/sl-2006-gezdirme.jpg\" target=\"_blank\" rel=\"noopener\"><img loading=\"lazy\" decoding=\"async\" class=\"alignnone wp-image-948 size-medium\" src=\"http:\/\/huzurmakina.com\/web\/wp-content\/uploads\/sl-2006-gezdirme-300x113.jpg\" alt=\"\" width=\"300\" height=\"113\" srcset=\"https:\/\/huzurmakina.com\/web\/wp-content\/uploads\/sl-2006-gezdirme-300x113.jpg 300w, https:\/\/huzurmakina.com\/web\/wp-content\/uploads\/sl-2006-gezdirme-768x289.jpg 768w, https:\/\/huzurmakina.com\/web\/wp-content\/uploads\/sl-2006-gezdirme-1024x385.jpg 1024w, https:\/\/huzurmakina.com\/web\/wp-content\/uploads\/sl-2006-gezdirme-700x263.jpg 700w, https:\/\/huzurmakina.com\/web\/wp-content\/uploads\/sl-2006-gezdirme-410x154.jpg 410w, https:\/\/huzurmakina.com\/web\/wp-content\/uploads\/sl-2006-gezdirme-100x38.jpg 100w, https:\/\/huzurmakina.com\/web\/wp-content\/uploads\/sl-2006-gezdirme-275x103.jpg 275w, https:\/\/huzurmakina.com\/web\/wp-content\/uploads\/sl-2006-gezdirme.jpg 1289w\" sizes=\"auto, (max-width: 300px) 100vw, 300px\" \/><\/a><\/p>\n<hr \/>\n<h4>Y\u00fcksek H\u0131zl\u0131 Kafa \/ A\u00e7\u0131l\u0131r Mafsal Sistemi<\/h4>\n<p>\u00d6zel olarak dizayn edilmi\u015f bu sistem ile 18.000 rpm h\u0131zlara \u00e7\u0131k\u0131larak kaliteli iplik \u00fcretimi, sessiz \u00e7al\u0131\u015fma ve d\u00fc\u015f\u00fck vibrasyon sa\u011flanm\u0131\u015ft\u0131r.<\/p>\n<p>A\u00e7\u0131l\u0131r Mafsal Sistemi sayesinde makine \u00e7al\u0131\u015f\u0131rken s\u00fcr\u00fcc\u00fclerin ayarlanabilmesi m\u00fcmk\u00fcn k\u0131l\u0131nm\u0131\u015ft\u0131r. S\u00fcr\u00fcc\u00fclerin bas\u0131n\u00e7 ayarlar\u0131 yap\u0131larak kalibre, jilet ve s\u00fcr\u00fcc\u00fclerin uzun \u00f6m\u00fcrl\u00fc olmas\u0131 sa\u011flanm\u0131\u015ft\u0131r.<\/p>\n<p><a href=\"http:\/\/huzurmakina.com\/web\/wp-content\/uploads\/sl-2006-kafa.jpg\" target=\"_blank\" rel=\"noopener\"><img loading=\"lazy\" decoding=\"async\" class=\"alignnone wp-image-949 size-medium\" src=\"http:\/\/huzurmakina.com\/web\/wp-content\/uploads\/sl-2006-kafa-300x130.jpg\" alt=\"\" width=\"300\" height=\"130\" srcset=\"https:\/\/huzurmakina.com\/web\/wp-content\/uploads\/sl-2006-kafa-300x130.jpg 300w, https:\/\/huzurmakina.com\/web\/wp-content\/uploads\/sl-2006-kafa-768x333.jpg 768w, https:\/\/huzurmakina.com\/web\/wp-content\/uploads\/sl-2006-kafa-1024x444.jpg 1024w, https:\/\/huzurmakina.com\/web\/wp-content\/uploads\/sl-2006-kafa-700x304.jpg 700w, https:\/\/huzurmakina.com\/web\/wp-content\/uploads\/sl-2006-kafa-410x178.jpg 410w, https:\/\/huzurmakina.com\/web\/wp-content\/uploads\/sl-2006-kafa-100x43.jpg 100w, https:\/\/huzurmakina.com\/web\/wp-content\/uploads\/sl-2006-kafa-275x119.jpg 275w, https:\/\/huzurmakina.com\/web\/wp-content\/uploads\/sl-2006-kafa.jpg 1286w\" sizes=\"auto, (max-width: 300px) 100vw, 300px\" \/><\/a><\/p>\n<hr \/>\n<h4>\u0130plik Y\u00f6nlendiricileri \/ Balon K\u0131r\u0131c\u0131lar\u0131<\/h4>\n<p>\u0130plik Y\u00f6nlendiricileri, ya\u011flamal\u0131 ring ve iplik muhafazalar\u0131 sayesinde kaliteli ve verimli b\u00fck\u00fcm sa\u011flar.<\/p>\n<p>Plangan\u0131n hareketine g\u00f6re Balon K\u0131r\u0131c\u0131lar da yukar\u0131 ve a\u015fa\u011f\u0131 hareket ederek ipli\u011fin s\u00fcrekli ayn\u0131 gerginlikte bobine sar\u0131lmas\u0131n\u0131 sa\u011flar.<\/p>\n<p><a href=\"http:\/\/huzurmakina.com\/web\/wp-content\/uploads\/sl-2006-iplik.jpg\" target=\"_blank\" rel=\"noopener\"><img loading=\"lazy\" decoding=\"async\" class=\"alignnone wp-image-950 size-medium\" src=\"http:\/\/huzurmakina.com\/web\/wp-content\/uploads\/sl-2006-iplik-300x110.jpg\" alt=\"\" width=\"300\" height=\"110\" srcset=\"https:\/\/huzurmakina.com\/web\/wp-content\/uploads\/sl-2006-iplik-300x110.jpg 300w, https:\/\/huzurmakina.com\/web\/wp-content\/uploads\/sl-2006-iplik-768x282.jpg 768w, https:\/\/huzurmakina.com\/web\/wp-content\/uploads\/sl-2006-iplik-1024x376.jpg 1024w, https:\/\/huzurmakina.com\/web\/wp-content\/uploads\/sl-2006-iplik-700x257.jpg 700w, https:\/\/huzurmakina.com\/web\/wp-content\/uploads\/sl-2006-iplik-410x150.jpg 410w, https:\/\/huzurmakina.com\/web\/wp-content\/uploads\/sl-2006-iplik-100x37.jpg 100w, https:\/\/huzurmakina.com\/web\/wp-content\/uploads\/sl-2006-iplik-275x101.jpg 275w, https:\/\/huzurmakina.com\/web\/wp-content\/uploads\/sl-2006-iplik.jpg 1289w\" sizes=\"auto, (max-width: 300px) 100vw, 300px\" \/><\/a><\/p>\n<hr \/>\n<h4>Tahrik Sistemi<\/h4>\n<p>Daha y\u00fcksek verimlilik ve kalite i\u00e7in, her iki i\u011fe bir motor kumanda ederek hareketi sa\u011flar. Yeni dizayn ile birlikte kay\u0131\u015flar kasnaklar\u0131n de\u011fi\u015fik kademelerine al\u0131narak \u0130\u011flerin, Kafan\u0131n, B\u00fck\u00fcm \u015eanz\u0131man\u0131n\u0131n ve B\u0131\u00e7a\u011f\u0131n hareketinin h\u0131zlar\u0131n\u0131n kolayl\u0131kla de\u011fi\u015fmesi sa\u011flan\u0131r.<\/p>\n<p><a href=\"http:\/\/huzurmakina.com\/web\/wp-content\/uploads\/sl-2006-Tahrik.jpg\" target=\"_blank\" rel=\"noopener\"><img loading=\"lazy\" decoding=\"async\" class=\"alignnone wp-image-951 size-medium\" src=\"http:\/\/huzurmakina.com\/web\/wp-content\/uploads\/sl-2006-Tahrik-227x300.jpg\" alt=\"\" width=\"227\" height=\"300\" srcset=\"https:\/\/huzurmakina.com\/web\/wp-content\/uploads\/sl-2006-Tahrik-227x300.jpg 227w, https:\/\/huzurmakina.com\/web\/wp-content\/uploads\/sl-2006-Tahrik-768x1016.jpg 768w, https:\/\/huzurmakina.com\/web\/wp-content\/uploads\/sl-2006-Tahrik-774x1024.jpg 774w, https:\/\/huzurmakina.com\/web\/wp-content\/uploads\/sl-2006-Tahrik-700x926.jpg 700w, https:\/\/huzurmakina.com\/web\/wp-content\/uploads\/sl-2006-Tahrik-410x542.jpg 410w, https:\/\/huzurmakina.com\/web\/wp-content\/uploads\/sl-2006-Tahrik-100x132.jpg 100w, https:\/\/huzurmakina.com\/web\/wp-content\/uploads\/sl-2006-Tahrik-275x364.jpg 275w, https:\/\/huzurmakina.com\/web\/wp-content\/uploads\/sl-2006-Tahrik.jpg 966w\" sizes=\"auto, (max-width: 227px) 100vw, 227px\" \/><\/a><\/p>\n<hr \/>\n<h4>Planga ve Bilezikler<\/h4>\n<p>Plangan\u0131n h\u0131z ayarlar\u0131 Kontrol Panelinden ayarlanabilmektedir. Bilezikler 115 mm \u00e7ap\u0131ndad\u0131r. (\u00d6zel istek \u00fczerine 127 mm olabilir.) Ya\u011flama sistemi tek kanall\u0131 olup ya\u011flar\u0131n bileziklere e\u015fit da\u011f\u0131l\u0131m\u0131n\u0131 sa\u011flar. D\u00fczg\u00fcn sar\u0131m i\u00e7in, Planga hareketine uyumlu iplik k\u0131lavuzlar\u0131 mevcuttur.<\/p>\n<p><a href=\"http:\/\/huzurmakina.com\/web\/wp-content\/uploads\/sl-2006-Planga.jpg\" target=\"_blank\" rel=\"noopener\"><img loading=\"lazy\" decoding=\"async\" class=\"alignnone wp-image-952 size-medium\" src=\"http:\/\/huzurmakina.com\/web\/wp-content\/uploads\/sl-2006-Planga-300x225.jpg\" alt=\"\" width=\"300\" height=\"225\" srcset=\"https:\/\/huzurmakina.com\/web\/wp-content\/uploads\/sl-2006-Planga-300x225.jpg 300w, https:\/\/huzurmakina.com\/web\/wp-content\/uploads\/sl-2006-Planga-768x576.jpg 768w, https:\/\/huzurmakina.com\/web\/wp-content\/uploads\/sl-2006-Planga-1024x767.jpg 1024w, https:\/\/huzurmakina.com\/web\/wp-content\/uploads\/sl-2006-Planga-700x525.jpg 700w, https:\/\/huzurmakina.com\/web\/wp-content\/uploads\/sl-2006-Planga-410x307.jpg 410w, https:\/\/huzurmakina.com\/web\/wp-content\/uploads\/sl-2006-Planga-100x75.jpg 100w, https:\/\/huzurmakina.com\/web\/wp-content\/uploads\/sl-2006-Planga-275x206.jpg 275w, https:\/\/huzurmakina.com\/web\/wp-content\/uploads\/sl-2006-Planga.jpg 1289w\" sizes=\"auto, (max-width: 300px) 100vw, 300px\" \/><\/a><\/p>\n<hr \/>\n<h4>\u00c7a\u011fl\u0131k Sistemi ve Teknik \u00d6zellikler<\/h4>\n<p>\u00c7a\u011fl\u0131k Sistemi makinenin \u00f6n\u00fcne kurulmu\u015ftur. Her i\u011fde zemin iplikleri i\u00e7in 2 bobin, efekt iplikleri i\u00e7in 2 bobin olacak \u015fekilde dizayn edilmi\u015ftir.<\/p>\n<p align=\"left\"><a href=\"http:\/\/huzurmakina.com\/web\/wp-content\/uploads\/sl-2006-caglik.jpg\" target=\"_blank\" rel=\"noopener\"><img loading=\"lazy\" decoding=\"async\" class=\"alignnone wp-image-953 size-medium\" src=\"http:\/\/huzurmakina.com\/web\/wp-content\/uploads\/sl-2006-caglik-300x93.jpg\" alt=\"\" width=\"300\" height=\"93\" srcset=\"https:\/\/huzurmakina.com\/web\/wp-content\/uploads\/sl-2006-caglik-300x93.jpg 300w, https:\/\/huzurmakina.com\/web\/wp-content\/uploads\/sl-2006-caglik-768x237.jpg 768w, https:\/\/huzurmakina.com\/web\/wp-content\/uploads\/sl-2006-caglik-700x216.jpg 700w, https:\/\/huzurmakina.com\/web\/wp-content\/uploads\/sl-2006-caglik-410x127.jpg 410w, https:\/\/huzurmakina.com\/web\/wp-content\/uploads\/sl-2006-caglik-100x31.jpg 100w, https:\/\/huzurmakina.com\/web\/wp-content\/uploads\/sl-2006-caglik-275x85.jpg 275w, https:\/\/huzurmakina.com\/web\/wp-content\/uploads\/sl-2006-caglik.jpg 829w\" sizes=\"auto, (max-width: 300px) 100vw, 300px\" \/><\/a><\/p>\n<h4>Teknik \u00d6zellikler<\/h4>\n<p><strong>MODEL :<\/strong> SL-2006 J\u0130LETL\u0130 \u015eEN\u0130L \u0130PL\u0130K MAK\u0130NES\u0130<br \/>\n<strong>\u0130\u011eLER ARASI A\u00c7IKLIK :<\/strong> 180 mm<br \/>\n<strong>\u0130PL\u0130K \u00dcRET\u0130M ARALI\u011eI\u00a0 :<\/strong> 1 Nm \u2013 10 Nm<br \/>\n<strong>1 MOD\u00dcLDEK\u0130 \u0130\u011e SAYISI :<\/strong> 10<br \/>\n<strong>MAKS\u0130MUM \u0130\u011e SAYISI :<\/strong> 120<br \/>\n<strong>B\u0130LEZ\u0130K \u00c7API :<\/strong> 115-127 mm<br \/>\n<strong>\u0130\u011e \u00c7API\u00a0 :<\/strong> 50 mm<br \/>\n<strong>BOB\u0130N Y\u00dcKSEKL\u0130\u011e\u0130 :<\/strong> 350 mm<br \/>\n<strong>MAKS\u0130MUM \u0130\u011e HIZI :<\/strong> 6.000 rpm<br \/>\n<strong>MAKS\u0130MUM KAFA HIZI :<\/strong> 18.000 rpm<br \/>\n<strong>MAKS\u0130MUM \u0130PL\u0130K \u00dcRET\u0130M HIZI :<\/strong> 12,7 mt \/ dak.<br \/>\n<strong>PLANGA MOTOR :<\/strong> 0,55 Kw<br \/>\n<strong>\u0130\u011e MOTORU :<\/strong> 0,37 Kw<br \/>\n<strong>KON\u0130KL\u0130K MOTORU :<\/strong> 0,18 Kw<\/p>\n","protected":false},"excerpt":{"rendered":"<p>\u015eenil iplik makinelerinde engin tecr\u00fcbeye sahip olan Huzur Makine, teknolojik geli\u015fmelere paralel olarak daha kaliteli \u015fenil iplik \u00fcretimi i\u00e7in g\u00fcncellenmi\u015f Modern Jiletli \u015fenil \u0130plik Makinesini \u00fcretmi\u015ftir. Bu makine ile her t\u00fcrl\u00fc materyalden \u015fenil iplik \u00fcretimi m\u00fcmk\u00fcn k\u0131l\u0131narak minimum bak\u0131m ve operat\u00f6r deste\u011fi ile maksimum verimin al\u0131nmas\u0131 sa\u011flanm\u0131\u015ft\u0131r. \u0130plik Gezdirme \u00dcnitesi \/ \u0130plik Kopma Svi\u00e7leri \u00d6zel [&hellip;]<\/p>\n","protected":false},"author":1,"featured_media":850,"parent":0,"menu_order":0,"comment_status":"closed","ping_status":"closed","template":"","meta":{"footnotes":""},"class_list":["post-849","page","type-page","status-publish","has-post-thumbnail","hentry"],"_links":{"self":[{"href":"https:\/\/huzurmakina.com\/web\/wp-json\/wp\/v2\/pages\/849","targetHints":{"allow":["GET"]}}],"collection":[{"href":"https:\/\/huzurmakina.com\/web\/wp-json\/wp\/v2\/pages"}],"about":[{"href":"https:\/\/huzurmakina.com\/web\/wp-json\/wp\/v2\/types\/page"}],"author":[{"embeddable":true,"href":"https:\/\/huzurmakina.com\/web\/wp-json\/wp\/v2\/users\/1"}],"replies":[{"embeddable":true,"href":"https:\/\/huzurmakina.com\/web\/wp-json\/wp\/v2\/comments?post=849"}],"version-history":[{"count":6,"href":"https:\/\/huzurmakina.com\/web\/wp-json\/wp\/v2\/pages\/849\/revisions"}],"predecessor-version":[{"id":957,"href":"https:\/\/huzurmakina.com\/web\/wp-json\/wp\/v2\/pages\/849\/revisions\/957"}],"wp:featuredmedia":[{"embeddable":true,"href":"https:\/\/huzurmakina.com\/web\/wp-json\/wp\/v2\/media\/850"}],"wp:attachment":[{"href":"https:\/\/huzurmakina.com\/web\/wp-json\/wp\/v2\/media?parent=849"}],"curies":[{"name":"wp","href":"https:\/\/api.w.org\/{rel}","templated":true}]}}